{"id":43,"date":"2023-11-06T20:45:18","date_gmt":"2023-11-06T20:45:18","guid":{"rendered":"https:\/\/cota1.wpengine.com\/cloningsite\/?page_id=43"},"modified":"2024-09-11T20:23:32","modified_gmt":"2024-09-11T20:23:32","slug":"contributions","status":"publish","type":"page","link":"https:\/\/cota.org\/cotaforezekiel\/contributions\/","title":{"rendered":"Contributions"},"content":{"rendered":"\n\n<div id=\"block-block_f2cc844d03d312795af4d07dc3254018\" class=\"block block--contributions \">\n\t\t\t\t<div class=\"dp__contributors--all\">\n\t\t\t\t\t\t\t<div class=\"dp__contributor\">\n\t\t\t\t\t<h3 class=\"dp__contributor-name\">Wenjing Xue<\/h3>\n\t\t\t\t\t<p class=\"dp__contributor-date\">September 16, 2025<\/p>\n\t\t\t\t\t\t\t\t\t\t\t<p class=\"dp__contributor-message\">We all pray for you, Ezekiel. Can\u2019t wait to see you play soccer with us when you fully recover.<\/p>\n\t\t\t\t\t\t\t\t\t<\/div>\n\t\t\t\t\t\t\t<div class=\"dp__contributor\">\n\t\t\t\t\t<h3 class=\"dp__contributor-name\">The Benevity Community Impact Fund<\/h3>\n\t\t\t\t\t<p class=\"dp__contributor-date\">August 04, 2025<\/p>\n\t\t\t\t\t\t\t\t\t\t\t<p class=\"dp__contributor-message\">The Pokemon Company with Anonymous<\/p>\n\t\t\t\t\t\t\t\t\t<\/div>\n\t\t\t\t\t\t\t<div class=\"dp__contributor\">\n\t\t\t\t\t<h3 class=\"dp__contributor-name\">The Benevity Community Impact Fund<\/h3>\n\t\t\t\t\t<p class=\"dp__contributor-date\">August 04, 2025<\/p>\n\t\t\t\t\t\t\t\t\t\t\t<p class=\"dp__contributor-message\">Apple with Anonymous<\/p>\n\t\t\t\t\t\t\t\t\t<\/div>\n\t\t\t\t\t\t\t<div class=\"dp__contributor\">\n\t\t\t\t\t<h3 class=\"dp__contributor-name\">The Benevity Community Impact Fund<\/h3>\n\t\t\t\t\t<p class=\"dp__contributor-date\">June 30, 2025<\/p>\n\t\t\t\t\t\t\t\t\t\t\t<p class=\"dp__contributor-message\">NVIDIA with Chia-Chin Chong VISA with Anna Golban Biogen with Jeanye Kwack<\/p>\n\t\t\t\t\t\t\t\t\t<\/div>\n\t\t\t\t\t\t\t<div class=\"dp__contributor\">\n\t\t\t\t\t<h3 class=\"dp__contributor-name\"> The Yong &amp; Chong Family Foundation<\/h3>\n\t\t\t\t\t<p class=\"dp__contributor-date\">June 11, 2025<\/p>\n\t\t\t\t\t\t\t\t\t<\/div>\n\t\t\t\t\t\t\t<div class=\"dp__contributor\">\n\t\t\t\t\t<h3 class=\"dp__contributor-name\">Robert, Helen, Jessica Savage<\/h3>\n\t\t\t\t\t<p class=\"dp__contributor-date\">June 07, 2025<\/p>\n\t\t\t\t\t\t\t\t\t<\/div>\n\t\t\t\t\t\t\t<div class=\"dp__contributor\">\n\t\t\t\t\t<h3 class=\"dp__contributor-name\">Oliver Montes<\/h3>\n\t\t\t\t\t<p class=\"dp__contributor-date\">June 07, 2025<\/p>\n\t\t\t\t\t\t\t\t\t<\/div>\n\t\t\t\t\t\t\t<div class=\"dp__contributor\">\n\t\t\t\t\t<h3 class=\"dp__contributor-name\">Tetsuya Tajima<\/h3>\n\t\t\t\t\t<p class=\"dp__contributor-date\">June 06, 2025<\/p>\n\t\t\t\t\t\t\t\t\t<\/div>\n\t\t\t\t\t\t\t<div class=\"dp__contributor\">\n\t\t\t\t\t<h3 class=\"dp__contributor-name\"> The Keep on Giving Fund<\/h3>\n\t\t\t\t\t<p class=\"dp__contributor-date\">June 02, 2025<\/p>\n\t\t\t\t\t\t\t\t\t<\/div>\n\t\t\t\t\t\t\t<div class=\"dp__contributor\">\n\t\t\t\t\t<h3 class=\"dp__contributor-name\">Shinn Chen<\/h3>\n\t\t\t\t\t<p class=\"dp__contributor-date\">May 28, 2025<\/p>\n\t\t\t\t\t\t\t\t\t\t\t<p class=\"dp__contributor-message\">You`re in our thoughts Ezekiel!<\/p>\n\t\t\t\t\t\t\t\t\t<\/div>\n\t\t\t\t\t\t\t<div class=\"dp__contributor\">\n\t\t\t\t\t<h3 class=\"dp__contributor-name\">Mia Mj Piao<\/h3>\n\t\t\t\t\t<p class=\"dp__contributor-date\">May 28, 2025<\/p>\n\t\t\t\t\t\t\t\t\t<\/div>\n\t\t\t\t\t\t\t<div class=\"dp__contributor\">\n\t\t\t\t\t<h3 class=\"dp__contributor-name\">Stacy Arevalo<\/h3>\n\t\t\t\t\t<p class=\"dp__contributor-date\">May 28, 2025<\/p>\n\t\t\t\t\t\t\t\t\t<\/div>\n\t\t\t\t\t\t\t<div class=\"dp__contributor\">\n\t\t\t\t\t<h3 class=\"dp__contributor-name\">Liz, Juan, Easton Garcia<\/h3>\n\t\t\t\t\t<p class=\"dp__contributor-date\">May 28, 2025<\/p>\n\t\t\t\t\t\t\t\t\t\t\t<p class=\"dp__contributor-message\">We hope Ezekiel has a fast recovery. <\/p>\n\t\t\t\t\t\t\t\t\t<\/div>\n\t\t\t\t\t\t\t<div class=\"dp__contributor\">\n\t\t\t\t\t<h3 class=\"dp__contributor-name\">Reina Nagai<\/h3>\n\t\t\t\t\t<p class=\"dp__contributor-date\">May 27, 2025<\/p>\n\t\t\t\t\t\t\t\t\t<\/div>\n\t\t\t\t\t\t\t<div class=\"dp__contributor\">\n\t\t\t\t\t<h3 class=\"dp__contributor-name\">Tanya, Jose, Alex, Gaby &amp; Bela Escobar<\/h3>\n\t\t\t\t\t<p class=\"dp__contributor-date\">May 27, 2025<\/p>\n\t\t\t\t\t\t\t\t\t\t\t<p class=\"dp__contributor-message\">We pray for Ezekiel and his family! He is such a wonderful boy!! We are grateful to know him and his  beautiful family! May he get stronger everyday! Lots of Prayers and Love for you all !!<\/p>\n\t\t\t\t\t\t\t\t\t<\/div>\n\t\t\t\t\t\t\t<div class=\"dp__contributor\">\n\t\t\t\t\t<h3 class=\"dp__contributor-name\">Melanie Hartmann<\/h3>\n\t\t\t\t\t<p class=\"dp__contributor-date\">May 27, 2025<\/p>\n\t\t\t\t\t\t\t\t\t<\/div>\n\t\t\t\t\t\t\t<div class=\"dp__contributor\">\n\t\t\t\t\t<h3 class=\"dp__contributor-name\">Anna Golban<\/h3>\n\t\t\t\t\t<p class=\"dp__contributor-date\">May 27, 2025<\/p>\n\t\t\t\t\t\t\t\t\t\t\t<p class=\"dp__contributor-message\">Praying for a quick surgery and recovery!<\/p>\n\t\t\t\t\t\t\t\t\t<\/div>\n\t\t\t\t\t\t\t<div class=\"dp__contributor\">\n\t\t\t\t\t<h3 class=\"dp__contributor-name\">Arjun Chittoor<\/h3>\n\t\t\t\t\t<p class=\"dp__contributor-date\">May 27, 2025<\/p>\n\t\t\t\t\t\t\t\t\t<\/div>\n\t\t\t\t\t\t\t<div class=\"dp__contributor\">\n\t\t\t\t\t<h3 class=\"dp__contributor-name\">Jeanye Kwack<\/h3>\n\t\t\t\t\t<p class=\"dp__contributor-date\">May 27, 2025<\/p>\n\t\t\t\t\t\t\t\t\t<\/div>\n\t\t\t\t\t\t\t<div class=\"dp__contributor\">\n\t\t\t\t\t<h3 class=\"dp__contributor-name\">Kay Luo<\/h3>\n\t\t\t\t\t<p class=\"dp__contributor-date\">May 27, 2025<\/p>\n\t\t\t\t\t\t\t\t\t<\/div>\n\t\t\t\t\t\t\t<div class=\"dp__contributor\">\n\t\t\t\t\t<h3 class=\"dp__contributor-name\">Annie &amp; Bryan Rubin<\/h3>\n\t\t\t\t\t<p class=\"dp__contributor-date\">May 27, 2025<\/p>\n\t\t\t\t\t\t\t\t\t<\/div>\n\t\t\t\t\t\t\t<div class=\"dp__contributor\">\n\t\t\t\t\t<h3 class=\"dp__contributor-name\">Shayla Danenberg<\/h3>\n\t\t\t\t\t<p class=\"dp__contributor-date\">May 27, 2025<\/p>\n\t\t\t\t\t\t\t\t\t<\/div>\n\t\t\t\t\t\t\t<div class=\"dp__contributor\">\n\t\t\t\t\t<h3 class=\"dp__contributor-name\"> Chick-fil-a<\/h3>\n\t\t\t\t\t<p class=\"dp__contributor-date\">April 09, 2025<\/p>\n\t\t\t\t\t\t\t\t\t<\/div>\n\t\t\t\t\t\t\t<div class=\"dp__contributor\">\n\t\t\t\t\t<h3 class=\"dp__contributor-name\"> Uline<\/h3>\n\t\t\t\t\t<p class=\"dp__contributor-date\">January 13, 2025<\/p>\n\t\t\t\t\t\t\t\t\t\t\t<p class=\"dp__contributor-message\">matching with Adelina Estrada<\/p>\n\t\t\t\t\t\t\t\t\t<\/div>\n\t\t\t\t\t\t\t<div class=\"dp__contributor\">\n\t\t\t\t\t<h3 class=\"dp__contributor-name\">Janice Fincher<\/h3>\n\t\t\t\t\t<p class=\"dp__contributor-date\">January 07, 2025<\/p>\n\t\t\t\t\t\t\t\t\t\t\t<p class=\"dp__contributor-message\">Ezekiel has such a wonderful fighting spirit and deserves a long healthy future. I hope he receives a liver very soon. <\/p>\n\t\t\t\t\t\t\t\t\t<\/div>\n\t\t\t\t\t\t\t<div class=\"dp__contributor\">\n\t\t\t\t\t<h3 class=\"dp__contributor-name\">Adelina Estrada<\/h3>\n\t\t\t\t\t<p class=\"dp__contributor-date\">December 20, 2024<\/p>\n\t\t\t\t\t\t\t\t\t<\/div>\n\t\t\t\t\t\t\t<div class=\"dp__contributor\">\n\t\t\t\t\t<h3 class=\"dp__contributor-name\">Berenice Chavez<\/h3>\n\t\t\t\t\t<p class=\"dp__contributor-date\">December 13, 2024<\/p>\n\t\t\t\t\t\t\t\t\t\t\t<p class=\"dp__contributor-message\">En nombre de Dios Esp\u00edritu Santo te sanar\u00e1s y tendr\u00e1s tu transplante que ser\u00e1 todo un \u00e9xito. Estar\u00e1s en nuestras oraciones para que Dios de sabidur\u00eda a los doctores cada momento que est\u00e9s en sus manos. Amen. ; ; Familia Chavez <\/p>\n\t\t\t\t\t\t\t\t\t<\/div>\n\t\t\t\t\t\t\t<div class=\"dp__contributor\">\n\t\t\t\t\t<h3 class=\"dp__contributor-name\">Tyler Mays<\/h3>\n\t\t\t\t\t<p class=\"dp__contributor-date\">December 12, 2024<\/p>\n\t\t\t\t\t\t\t\t\t<\/div>\n\t\t\t\t\t\t\t<div class=\"dp__contributor\">\n\t\t\t\t\t<h3 class=\"dp__contributor-name\">Gianina Luna<\/h3>\n\t\t\t\t\t<p class=\"dp__contributor-date\">November 22, 2024<\/p>\n\t\t\t\t\t\t\t\t\t<\/div>\n\t\t\t\t\t\t\t<div class=\"dp__contributor\">\n\t\t\t\t\t<h3 class=\"dp__contributor-name\">Gianina Luna<\/h3>\n\t\t\t\t\t<p class=\"dp__contributor-date\">November 22, 2024<\/p>\n\t\t\t\t\t\t\t\t\t<\/div>\n\t\t\t\t\t<\/div>\n\t<\/div>\n","protected":false},"excerpt":{"rendered":"","protected":false},"author":5,"featured_media":0,"parent":0,"menu_order":0,"comment_status":"closed","ping_status":"closed","template":"","meta":{"_acf_changed":false,"footnotes":""},"class_list":["post-43","page","type-page","status-publish","hentry"],"acf":[],"yoast_head":"<!-- This site is optimized with the Yoast SEO Premium plugin v26.6 (Yoast SEO v26.6) - https:\/\/yoast.com\/wordpress\/plugins\/seo\/ -->\n<title>Contributions - COTA for Ezekiel<\/title>\n<meta name=\"robots\" content=\"index, follow, max-snippet:-1, max-image-preview:large, max-video-preview:-1\" \/>\n<link rel=\"canonical\" href=\"https:\/\/cota.org\/cotaforezekiel\/contributions\/\" \/>\n<meta property=\"og:locale\" content=\"en_US\" \/>\n<meta property=\"og:type\" content=\"article\" \/>\n<meta property=\"og:title\" content=\"Contributions\" \/>\n<meta property=\"og:url\" content=\"https:\/\/cota.org\/cotaforezekiel\/contributions\/\" \/>\n<meta property=\"og:site_name\" content=\"COTA for Ezekiel\" \/>\n<meta property=\"article:modified_time\" content=\"2024-09-11T20:23:32+00:00\" \/>\n<meta name=\"twitter:card\" content=\"summary_large_image\" \/>\n<script type=\"application\/ld+json\" class=\"yoast-schema-graph\">{\"@context\":\"https:\/\/schema.org\",\"@graph\":[{\"@type\":\"WebPage\",\"@id\":\"https:\/\/cota.org\/cotaforezekiel\/contributions\/\",\"url\":\"https:\/\/cota.org\/cotaforezekiel\/contributions\/\",\"name\":\"Contributions - COTA for Ezekiel\",\"isPartOf\":{\"@id\":\"https:\/\/cota.org\/cotaforezekiel\/#website\"},\"datePublished\":\"2023-11-06T20:45:18+00:00\",\"dateModified\":\"2024-09-11T20:23:32+00:00\",\"breadcrumb\":{\"@id\":\"https:\/\/cota.org\/cotaforezekiel\/contributions\/#breadcrumb\"},\"inLanguage\":\"en-US\",\"potentialAction\":[{\"@type\":\"ReadAction\",\"target\":[\"https:\/\/cota.org\/cotaforezekiel\/contributions\/\"]}]},{\"@type\":\"BreadcrumbList\",\"@id\":\"https:\/\/cota.org\/cotaforezekiel\/contributions\/#breadcrumb\",\"itemListElement\":[{\"@type\":\"ListItem\",\"position\":1,\"name\":\"Home\",\"item\":\"https:\/\/cota.org\/cotaforezekiel\/\"},{\"@type\":\"ListItem\",\"position\":2,\"name\":\"Contributions\"}]},{\"@type\":\"WebSite\",\"@id\":\"https:\/\/cota.org\/cotaforezekiel\/#website\",\"url\":\"https:\/\/cota.org\/cotaforezekiel\/\",\"name\":\"COTA for Ezekiel\",\"description\":\"\",\"potentialAction\":[{\"@type\":\"SearchAction\",\"target\":{\"@type\":\"EntryPoint\",\"urlTemplate\":\"https:\/\/cota.org\/cotaforezekiel\/?s={search_term_string}\"},\"query-input\":{\"@type\":\"PropertyValueSpecification\",\"valueRequired\":true,\"valueName\":\"search_term_string\"}}],\"inLanguage\":\"en-US\"}]}<\/script>\n<!-- \/ Yoast SEO Premium plugin. -->","yoast_head_json":{"title":"Contributions - COTA for Ezekiel","robots":{"index":"index","follow":"follow","max-snippet":"max-snippet:-1","max-image-preview":"max-image-preview:large","max-video-preview":"max-video-preview:-1"},"canonical":"https:\/\/cota.org\/cotaforezekiel\/contributions\/","og_locale":"en_US","og_type":"article","og_title":"Contributions","og_url":"https:\/\/cota.org\/cotaforezekiel\/contributions\/","og_site_name":"COTA for Ezekiel","article_modified_time":"2024-09-11T20:23:32+00:00","twitter_card":"summary_large_image","schema":{"@context":"https:\/\/schema.org","@graph":[{"@type":"WebPage","@id":"https:\/\/cota.org\/cotaforezekiel\/contributions\/","url":"https:\/\/cota.org\/cotaforezekiel\/contributions\/","name":"Contributions - COTA for Ezekiel","isPartOf":{"@id":"https:\/\/cota.org\/cotaforezekiel\/#website"},"datePublished":"2023-11-06T20:45:18+00:00","dateModified":"2024-09-11T20:23:32+00:00","breadcrumb":{"@id":"https:\/\/cota.org\/cotaforezekiel\/contributions\/#breadcrumb"},"inLanguage":"en-US","potentialAction":[{"@type":"ReadAction","target":["https:\/\/cota.org\/cotaforezekiel\/contributions\/"]}]},{"@type":"BreadcrumbList","@id":"https:\/\/cota.org\/cotaforezekiel\/contributions\/#breadcrumb","itemListElement":[{"@type":"ListItem","position":1,"name":"Home","item":"https:\/\/cota.org\/cotaforezekiel\/"},{"@type":"ListItem","position":2,"name":"Contributions"}]},{"@type":"WebSite","@id":"https:\/\/cota.org\/cotaforezekiel\/#website","url":"https:\/\/cota.org\/cotaforezekiel\/","name":"COTA for Ezekiel","description":"","potentialAction":[{"@type":"SearchAction","target":{"@type":"EntryPoint","urlTemplate":"https:\/\/cota.org\/cotaforezekiel\/?s={search_term_string}"},"query-input":{"@type":"PropertyValueSpecification","valueRequired":true,"valueName":"search_term_string"}}],"inLanguage":"en-US"}]}},"_links":{"self":[{"href":"https:\/\/cota.org\/cotaforezekiel\/wp-json\/wp\/v2\/pages\/43","targetHints":{"allow":["GET"]}}],"collection":[{"href":"https:\/\/cota.org\/cotaforezekiel\/wp-json\/wp\/v2\/pages"}],"about":[{"href":"https:\/\/cota.org\/cotaforezekiel\/wp-json\/wp\/v2\/types\/page"}],"author":[{"embeddable":true,"href":"https:\/\/cota.org\/cotaforezekiel\/wp-json\/wp\/v2\/users\/5"}],"replies":[{"embeddable":true,"href":"https:\/\/cota.org\/cotaforezekiel\/wp-json\/wp\/v2\/comments?post=43"}],"version-history":[{"count":0,"href":"https:\/\/cota.org\/cotaforezekiel\/wp-json\/wp\/v2\/pages\/43\/revisions"}],"wp:attachment":[{"href":"https:\/\/cota.org\/cotaforezekiel\/wp-json\/wp\/v2\/media?parent=43"}],"curies":[{"name":"wp","href":"https:\/\/api.w.org\/{rel}","templated":true}]}}