{"id":3,"date":"2023-10-19T11:57:47","date_gmt":"2023-10-19T11:57:47","guid":{"rendered":"https:\/\/cota1.wpengine.com\/cotaforkyararose\/contributions\/"},"modified":"2023-10-19T11:57:47","modified_gmt":"2023-10-19T11:57:47","slug":"contributions","status":"publish","type":"page","link":"https:\/\/cota.org\/cotaforkyararose\/contributions\/","title":{"rendered":"Contributions"},"content":{"rendered":"\n\n<div id=\"block-block_f2bbdfbae764fd91af59ef78e54f8060\" class=\"block block--contributions \">\n\t\t\t\t<div class=\"dp__contributors--all\">\n\t\t\t\t\t\t\t<div class=\"dp__contributor\">\n\t\t\t\t\t<h3 class=\"dp__contributor-name\">Maitee Plumas<\/h3>\n\t\t\t\t\t<p class=\"dp__contributor-date\">October 25, 2018<\/p>\n\t\t\t\t\t\t\t\t\t\t\t<p class=\"dp__contributor-message\">This gifts came from all the people out there that even if they struggled they also find a way to donated it!!!! This is for you kyara rose my sunshine!!!!<\/p>\n\t\t\t\t\t\t\t\t\t<\/div>\n\t\t\t\t\t\t\t<div class=\"dp__contributor\">\n\t\t\t\t\t<h3 class=\"dp__contributor-name\">Yarietys Roque<\/h3>\n\t\t\t\t\t<p class=\"dp__contributor-date\">September 26, 2018<\/p>\n\t\t\t\t\t\t\t\t\t\t\t<p class=\"dp__contributor-message\">Mi ni\u00f1a Dios est\u00e1 haciendo el milagro en ti lo hemos visto como ha trabajado en este tiempo. Amazingly!!!; ; Dios te ama y yo tambi\u00e9n! T\u00fa enfermera querida ??<\/p>\n\t\t\t\t\t\t\t\t\t<\/div>\n\t\t\t\t\t\t\t<div class=\"dp__contributor\">\n\t\t\t\t\t<h3 class=\"dp__contributor-name\">Marleidi Arce Fernandez<\/h3>\n\t\t\t\t\t<p class=\"dp__contributor-date\">September 25, 2018<\/p>\n\t\t\t\t\t\t\t\t\t<\/div>\n\t\t\t\t\t\t\t<div class=\"dp__contributor\">\n\t\t\t\t\t<h3 class=\"dp__contributor-name\">Elisa Mirabal<\/h3>\n\t\t\t\t\t<p class=\"dp__contributor-date\">May 14, 2018<\/p>\n\t\t\t\t\t\t\t\t\t<\/div>\n\t\t\t\t\t\t\t<div class=\"dp__contributor\">\n\t\t\t\t\t<h3 class=\"dp__contributor-name\">Richard Lofgren<\/h3>\n\t\t\t\t\t<p class=\"dp__contributor-date\">February 08, 2018<\/p>\n\t\t\t\t\t\t\t\t\t<\/div>\n\t\t\t\t\t\t\t<div class=\"dp__contributor\">\n\t\t\t\t\t<h3 class=\"dp__contributor-name\">Olga Mary Vasallo<\/h3>\n\t\t\t\t\t<p class=\"dp__contributor-date\">January 17, 2018<\/p>\n\t\t\t\t\t\t\t\t\t<\/div>\n\t\t\t\t\t\t\t<div class=\"dp__contributor\">\n\t\t\t\t\t<h3 class=\"dp__contributor-name\">Vanessa Veilleux<\/h3>\n\t\t\t\t\t<p class=\"dp__contributor-date\">December 13, 2017<\/p>\n\t\t\t\t\t\t\t\t\t\t\t<p class=\"dp__contributor-message\">May the lord be always with you, keep smiling and keep your head up high. trust in god because payer changes things.<\/p>\n\t\t\t\t\t\t\t\t\t<\/div>\n\t\t\t\t\t\t\t<div class=\"dp__contributor\">\n\t\t\t\t\t<h3 class=\"dp__contributor-name\">Vanessa Valentin<\/h3>\n\t\t\t\t\t<p class=\"dp__contributor-date\">November 29, 2017<\/p>\n\t\t\t\t\t\t\t\t\t<\/div>\n\t\t\t\t\t\t\t<div class=\"dp__contributor\">\n\t\t\t\t\t<h3 class=\"dp__contributor-name\">Luco Pierre<\/h3>\n\t\t\t\t\t<p class=\"dp__contributor-date\">November 27, 2017<\/p>\n\t\t\t\t\t\t\t\t\t<\/div>\n\t\t\t\t\t\t\t<div class=\"dp__contributor\">\n\t\t\t\t\t<h3 class=\"dp__contributor-name\">Markus Matussek<\/h3>\n\t\t\t\t\t<p class=\"dp__contributor-date\">November 26, 2017<\/p>\n\t\t\t\t\t\t\t\t\t<\/div>\n\t\t\t\t\t\t\t<div class=\"dp__contributor\">\n\t\t\t\t\t<h3 class=\"dp__contributor-name\">Luisa Ospina<\/h3>\n\t\t\t\t\t<p class=\"dp__contributor-date\">November 23, 2017<\/p>\n\t\t\t\t\t\t\t\t\t<\/div>\n\t\t\t\t\t\t\t<div class=\"dp__contributor\">\n\t\t\t\t\t<h3 class=\"dp__contributor-name\">Oby Ramirez<\/h3>\n\t\t\t\t\t<p class=\"dp__contributor-date\">November 23, 2017<\/p>\n\t\t\t\t\t\t\t\t\t<\/div>\n\t\t\t\t\t\t\t<div class=\"dp__contributor\">\n\t\t\t\t\t<h3 class=\"dp__contributor-name\">Joshua Lopez<\/h3>\n\t\t\t\t\t<p class=\"dp__contributor-date\">November 23, 2017<\/p>\n\t\t\t\t\t\t\t\t\t<\/div>\n\t\t\t\t\t\t\t<div class=\"dp__contributor\">\n\t\t\t\t\t<h3 class=\"dp__contributor-name\">Mariajose Ortiz<\/h3>\n\t\t\t\t\t<p class=\"dp__contributor-date\">November 22, 2017<\/p>\n\t\t\t\t\t\t\t\t\t\t\t<p class=\"dp__contributor-message\">I encourage everyone to donate!Help save this child`s life.<\/p>\n\t\t\t\t\t\t\t\t\t<\/div>\n\t\t\t\t\t\t\t<div class=\"dp__contributor\">\n\t\t\t\t\t<h3 class=\"dp__contributor-name\">Angelina Medovikova<\/h3>\n\t\t\t\t\t<p class=\"dp__contributor-date\">November 22, 2017<\/p>\n\t\t\t\t\t\t\t\t\t<\/div>\n\t\t\t\t\t\t\t<div class=\"dp__contributor\">\n\t\t\t\t\t<h3 class=\"dp__contributor-name\">Amnery Vazquez<\/h3>\n\t\t\t\t\t<p class=\"dp__contributor-date\">November 22, 2017<\/p>\n\t\t\t\t\t\t\t\t\t\t\t<p class=\"dp__contributor-message\">Kiara te deseo lo mejor del mundo y que te recuperes pronto. Te quiero mucho. Un beso grande de tu Physical therapist<\/p>\n\t\t\t\t\t\t\t\t\t<\/div>\n\t\t\t\t\t<\/div>\n\t<\/div>\n","protected":false},"excerpt":{"rendered":"","protected":false},"author":0,"featured_media":0,"parent":0,"menu_order":0,"comment_status":"closed","ping_status":"closed","template":"","meta":{"_acf_changed":false,"footnotes":""},"class_list":["post-3","page","type-page","status-publish","hentry"],"acf":[],"_links":{"self":[{"href":"https:\/\/cota.org\/cotaforkyararose\/wp-json\/wp\/v2\/pages\/3","targetHints":{"allow":["GET"]}}],"collection":[{"href":"https:\/\/cota.org\/cotaforkyararose\/wp-json\/wp\/v2\/pages"}],"about":[{"href":"https:\/\/cota.org\/cotaforkyararose\/wp-json\/wp\/v2\/types\/page"}],"replies":[{"embeddable":true,"href":"https:\/\/cota.org\/cotaforkyararose\/wp-json\/wp\/v2\/comments?post=3"}],"version-history":[{"count":0,"href":"https:\/\/cota.org\/cotaforkyararose\/wp-json\/wp\/v2\/pages\/3\/revisions"}],"wp:attachment":[{"href":"https:\/\/cota.org\/cotaforkyararose\/wp-json\/wp\/v2\/media?parent=3"}],"curies":[{"name":"wp","href":"https:\/\/api.w.org\/{rel}","templated":true}]}}