{"id":14,"date":"2024-09-27T18:14:56","date_gmt":"2024-09-27T18:14:56","guid":{"rendered":"https:\/\/cota1.wpengine.com\/cloningsite\/?page_id=14"},"modified":"2025-11-13T09:02:43","modified_gmt":"2025-11-13T14:02:43","slug":"our-story","status":"publish","type":"page","link":"https:\/\/cota.org\/cotaforsarahshope\/our-story\/","title":{"rendered":"Our Story"},"content":{"rendered":"\n<div class=\"wp-block-columns is-layout-flex wp-container-core-columns-is-layout-28f84493 wp-block-columns-is-layout-flex\">\n<div class=\"wp-block-column is-layout-flow wp-block-column-is-layout-flow\" style=\"flex-basis:50%\">\n<h2 class=\"wp-block-heading\" id=\"h-sarah-s-journey-a-story-of-strength-and-hope\">Sarah\u2019s Journey: A Story of Strength and Hope <\/h2>\n<\/div>\n\n\n\n<div class=\"wp-block-column is-layout-flow wp-block-column-is-layout-flow\" style=\"flex-basis:50%\">\n<h2 class=\"wp-block-heading\" id=\"h-la-historia-de-sarah-una-lucha-de-fuerza-y-esperanza\">La Historia de Sarah: Una Lucha de Fuerza y Esperanza<\/h2>\n<\/div>\n<\/div>\n\n\n\n<div class=\"wp-block-columns is-layout-flex wp-container-core-columns-is-layout-28f84493 wp-block-columns-is-layout-flex\">\n<div class=\"wp-block-column is-layout-flow wp-block-column-is-layout-flow\" style=\"flex-basis:50%\">\n<p>Sarah\u2019s heart journey began on December 20, 2024, at 20 weeks of gestation, where she was diagnosed with Hypoplastic Right Heart Syndrome (HRHS) and fetal hydrops. Later she was also diagnosed with liver enlargement. Since the day of her initial diagnosis, her parents were told they would not be able to see Sarah born alive.<\/p>\n\n\n\n<p>Every appointment, every sonogram was heartbreaking. A week before her birth, Sarah\u2019s parents were faced with a difficult decision: choose hospice or allow her to fight for her life. They chose to fight.<\/p>\n\n\n\n<p> Sarah was born on April 9<sup>th<\/sup> after an abrupt placenta eruption. She was diagnosed with HRHS and pulmonary atresia, but the fetal hydrops and liver issues were not present. Since her heart\u2019s right side was not fully developed, her left side had to pick up all the work. On April 17, her heart started giving up, making her heart rate and blood pressure drop. It was a terrifying situation. She was then intubated at bedside and was baptized the next morning.<\/p>\n\n\n\n<p> She underwent her first open-heart surgery to insert a Singular Ventricular Assist Device (SVAD). During surgery, she suffered a massive aortic hemorrhage. Doctors were forced to over sew her aortic valve to place a shunt all while having many blood transfusions. She came out of surgery swollen and covered with many tubes. A few days later, a brain scan revealed a hemorrhage, likely due to either the surgery or the strong blood thinner she was on.<\/p>\n\n\n\n<p> Sarah was extubated on April 22, only to be re-intubated on April 26 due to respiratory distress. Doctors had to insert another chest tube to help drain fluid from her right lung, which contained fat from her breast milk. On April 30<sup>th<\/sup>, she was extubated again and finally began to stabilize.<\/p>\n\n\n\n<p> May 2<sup>nd<\/sup> was a special day for Sarah and her family. She was able to finally have her mom, dad, and older brother in the same room as her. A few days later May 5<sup>th<\/sup>, Sarah was officially listed for a heart transplant.<\/p>\n\n\n\n<p>Since her surgery, her biggest battles have been breathing issues and weight gain. But her hemorrhage has been resolved. Her lungs have frequently been filling up with fluids which require her to be on diuretics and breathing support. Because of her fluid limitations, Sarah has struggled to grow. Born at 6lbs 1 oz, she is now at 7lb 11oz. She has upgraded from micro-preemie diapers to preemie and now wears newborn clothes!<\/p>\n\n\n\n<p>Now, at nearly 3 months, our little warrior has a long journey ahead of her. All that is left to do is wait for the call- a new heart for Sarah. It will be the greatest gift for Sarah and her family to finally bring her home, hold her, and see her bond with her big brother, Victor.<\/p>\n\n\n\n<p>Recent updates on her blog and social media pages! <strong>Sarah Diaz Heart Journey<\/strong><\/p>\n\n\n\n<p>The Children\u2019s Organ Transplant Association (COTA) helps children and young adults who need a life-saving transplant by providing fundraising assistance and family support. COTA is the nation\u2019s only fundraising organization solely dedicated to raising life-saving dollars in honor of transplant-needy children and young adults. 100% of each contribution made to COTA in honor of our patients helps meet transplant-related expenses. COTA\u2019s services are free to our families, and gifts to COTA are tax deductible to the fullest extent of the law.<\/p>\n<\/div>\n\n\n\n<div class=\"wp-block-column is-layout-flow wp-block-column-is-layout-flow\" style=\"flex-basis:50%\">\n<p>El viaje card\u00edaco de Sarah comenz\u00f3 el 20 de diciembre de 2024, a las 20 semanas de gestaci\u00f3n, cuando le diagnosticaron S\u00edndrome de Coraz\u00f3n Derecho Hipopl\u00e1sico (HRHS) e hidropes\u00eda fetal. Posteriormente, tambi\u00e9n le diagnosticaron hepatomegalia. Desde el d\u00eda de su diagn\u00f3stico inicial, los m\u00e9dicos les informaron a sus padres que no llegar\u00edan a ver a Sarah nacer con vida.<\/p>\n\n\n\n<p>Cada cita, cada ecograf\u00eda, era desgarradora. Una semana antes de su nacimiento, los padres de Sarah se enfrentaron a una dif\u00edcil decisi\u00f3n: optar por cuidados paliativos o permitirle luchar por su vida. Eligieron luchar.<\/p>\n\n\n\n<p>Sarah naci\u00f3 el 9 de abril tras una erupci\u00f3n placentaria abrupta. Le diagnosticaron HRHS y atresia pulmonar, pero no presentaba hidropes\u00eda fetal ni problemas hep\u00e1ticos. Dado que el lado derecho de su coraz\u00f3n no estaba completamente desarrollado, el izquierdo tuvo que asumir todo el trabajo. El 17 de abril, su coraz\u00f3n comenz\u00f3 a fallar, lo que provoc\u00f3 que su frecuencia card\u00edaca y presi\u00f3n arterial bajaran. Fue una situaci\u00f3n aterradora. Tuvo que ser intubada junto a su cama y bautizada a la ma\u00f1ana siguiente.<\/p>\n\n\n\n<p>Se someti\u00f3 a su primera cirug\u00eda de coraz\u00f3n abierto para insertarle un dispositivo de Asistencia Ventricular Singular (SVAD). Durante la cirug\u00eda, sufri\u00f3 una hemorragia a\u00f3rtica masiva. Los m\u00e9dicos fueron obligados a suturar su v\u00e1lvula a\u00f3rtica para colocar una derivaci\u00f3n, mientras recib\u00eda numerosas transfusiones de sangre. Sali\u00f3 de la cirug\u00eda hinchada y cubierta con muchos tubos. Unos d\u00edas despu\u00e9s, una tomograf\u00eda cerebral revel\u00f3 una hemorragia, probablemente debida a la cirug\u00eda o al fuerte anticoagulante que tomaba.<\/p>\n\n\n\n<p>Sarah fue extubada el 22 de abril y re-intubada el 26 de abril debido a dificultad respiratoria. Los m\u00e9dicos tuvieron que insertarle otro tubo tor\u00e1cico para drenar el l\u00edquido de su pulm\u00f3n derecho, que conten\u00eda grasa de la leche materna. El 30 de abril, fue extubada de nuevo y finalmente comenz\u00f3 a estabilizarse.<\/p>\n\n\n\n<p>El 2 de mayo fue un d\u00eda especial para Sarah y su familia. Finalmente pudo compartir habitaci\u00f3n con su mam\u00e1, pap\u00e1 y hermano mayor. Unos d\u00edas despu\u00e9s, el 5 de mayo, Sarah fue oficialmente listada para un trasplante de coraz\u00f3n.<\/p>\n\n\n\n<p>Desde su cirug\u00eda, sus mayores dificultades han sido los problemas respiratorios y el aumento de peso. Pero su hemorragia se ha resuelto. Sus pulmones se han llenado de l\u00edquido con frecuencia, lo que requiere diur\u00e9ticos y asistencia respiratoria. Debido a sus limitaciones de l\u00edquidos, Sarah ha tenido dificultades para crecer. Naci\u00f3 con un peso de 2.8 kg (6 lb 1 oz), ahora pesa 3.4 kg (7 lb 11 oz). \u00a1Ya ha pasado de usar pa\u00f1ales micro-prematuros a prematuros, y ahora usa ropa de reci\u00e9n nacida!<\/p>\n\n\n\n<p>Ahora, con casi 3 meses, nuestra peque\u00f1a guerrera tiene un largo camino por delante. Solo queda esperar la llamada: un nuevo coraz\u00f3n para Sarah. Ser\u00e1 el mejor regalo para Sarah y su familia poder finalmente traerla a casa, abrazarla y verla conectar con su hermano mayor, Victor.<\/p>\n\n\n\n<p>Actualizaciones recientes en su blog y redes socials! <strong>Sarah Diaz Heart Journey<\/strong><\/p>\n\n\n\n<p>La Asociaci\u00f3n de Trasplantes de \u00d3rganos para Ni\u00f1os (COTA, por sus siglas en ingl\u00e9s) ayuda a ni\u00f1os y adultos j\u00f3venes que necesitan un trasplante que les salve la vida, brindando asistencia para la recaudaci\u00f3n de fondos y apoyo familiar. COTA es la \u00fanica organizaci\u00f3n de recaudaci\u00f3n de fondos en el pa\u00eds dedicada exclusivamente a reunir fondos vitales en honor a ni\u00f1os y adultos j\u00f3venes que necesitan un trasplante. El 100% de cada contribuci\u00f3n hecha a COTA en honor a nuestros pacientes se destina a cubrir gastos relacionados con el trasplante. Los servicios de COTA son gratuitos para nuestras familias, y las donaciones a COTA son deducibles de impuestos en la m\u00e1xima medida permitida por la ley.<\/p>\n<\/div>\n<\/div>\n\n\n\n<p><\/p>\n","protected":false},"excerpt":{"rendered":"<p>Sarah\u2019s Journey: A Story of Strength and Hope La Historia de Sarah: Una Lucha de Fuerza y Esperanza Sarah\u2019s heart journey began on December 20, 2024, at 20 weeks of gestation, where she was diagnosed with Hypoplastic Right Heart Syndrome (HRHS) and fetal hydrops. Later she was also diagnosed with liver enlargement. Since the day [&hellip;]<\/p>\n","protected":false},"author":5,"featured_media":83,"parent":0,"menu_order":0,"comment_status":"open","ping_status":"closed","template":"","meta":{"_acf_changed":false,"footnotes":""},"class_list":["post-14","page","type-page","status-publish","has-post-thumbnail","hentry"],"acf":[],"yoast_head":"<!-- This site is optimized with the Yoast SEO Premium plugin v26.6 (Yoast SEO v26.6) - https:\/\/yoast.com\/wordpress\/plugins\/seo\/ -->\n<title>Our Story - COTA for Sarah&#039;s Hope<\/title>\n<meta name=\"robots\" content=\"index, follow, max-snippet:-1, max-image-preview:large, max-video-preview:-1\" \/>\n<link rel=\"canonical\" href=\"https:\/\/cota.org\/cotaforsarahshope\/our-story\/\" \/>\n<meta property=\"og:locale\" content=\"en_US\" \/>\n<meta property=\"og:type\" content=\"article\" \/>\n<meta property=\"og:title\" content=\"Our Story\" \/>\n<meta property=\"og:description\" content=\"Sarah\u2019s Journey: A Story of Strength and Hope La Historia de Sarah: Una Lucha de Fuerza y Esperanza Sarah\u2019s heart journey began on December 20, 2024, at 20 weeks of gestation, where she was diagnosed with Hypoplastic Right Heart Syndrome (HRHS) and fetal hydrops. Later she was also diagnosed with liver enlargement. Since the day [&hellip;]\" \/>\n<meta property=\"og:url\" content=\"https:\/\/cota.org\/cotaforsarahshope\/our-story\/\" \/>\n<meta property=\"og:site_name\" content=\"COTA for Sarah&#039;s Hope\" \/>\n<meta property=\"article:modified_time\" content=\"2025-11-13T14:02:43+00:00\" \/>\n<meta property=\"og:image\" content=\"https:\/\/cota.org\/cotaforsarahshope\/wp-content\/uploads\/sites\/6554\/2025\/05\/Sarah-Diaz.jpg\" \/>\n\t<meta property=\"og:image:width\" content=\"2048\" \/>\n\t<meta property=\"og:image:height\" content=\"2048\" \/>\n\t<meta property=\"og:image:type\" content=\"image\/jpeg\" \/>\n<meta name=\"twitter:card\" content=\"summary_large_image\" \/>\n<meta name=\"twitter:label1\" content=\"Est. reading time\" \/>\n\t<meta name=\"twitter:data1\" content=\"6 minutes\" \/>\n<script type=\"application\/ld+json\" class=\"yoast-schema-graph\">{\"@context\":\"https:\/\/schema.org\",\"@graph\":[{\"@type\":\"WebPage\",\"@id\":\"https:\/\/cota.org\/cotaforsarahshope\/our-story\/\",\"url\":\"https:\/\/cota.org\/cotaforsarahshope\/our-story\/\",\"name\":\"Our Story - COTA for Sarah&#039;s Hope\",\"isPartOf\":{\"@id\":\"https:\/\/cota.org\/cotaforsarahshope\/#website\"},\"primaryImageOfPage\":{\"@id\":\"https:\/\/cota.org\/cotaforsarahshope\/our-story\/#primaryimage\"},\"image\":{\"@id\":\"https:\/\/cota.org\/cotaforsarahshope\/our-story\/#primaryimage\"},\"thumbnailUrl\":\"https:\/\/cota.org\/cotaforsarahshope\/wp-content\/uploads\/sites\/6554\/2025\/05\/Sarah-Diaz.jpg\",\"datePublished\":\"2024-09-27T18:14:56+00:00\",\"dateModified\":\"2025-11-13T14:02:43+00:00\",\"breadcrumb\":{\"@id\":\"https:\/\/cota.org\/cotaforsarahshope\/our-story\/#breadcrumb\"},\"inLanguage\":\"en-US\",\"potentialAction\":[{\"@type\":\"ReadAction\",\"target\":[\"https:\/\/cota.org\/cotaforsarahshope\/our-story\/\"]}]},{\"@type\":\"ImageObject\",\"inLanguage\":\"en-US\",\"@id\":\"https:\/\/cota.org\/cotaforsarahshope\/our-story\/#primaryimage\",\"url\":\"https:\/\/cota.org\/cotaforsarahshope\/wp-content\/uploads\/sites\/6554\/2025\/05\/Sarah-Diaz.jpg\",\"contentUrl\":\"https:\/\/cota.org\/cotaforsarahshope\/wp-content\/uploads\/sites\/6554\/2025\/05\/Sarah-Diaz.jpg\",\"width\":2048,\"height\":2048},{\"@type\":\"BreadcrumbList\",\"@id\":\"https:\/\/cota.org\/cotaforsarahshope\/our-story\/#breadcrumb\",\"itemListElement\":[{\"@type\":\"ListItem\",\"position\":1,\"name\":\"Home\",\"item\":\"https:\/\/cota.org\/cotaforsarahshope\/\"},{\"@type\":\"ListItem\",\"position\":2,\"name\":\"Our Story\"}]},{\"@type\":\"WebSite\",\"@id\":\"https:\/\/cota.org\/cotaforsarahshope\/#website\",\"url\":\"https:\/\/cota.org\/cotaforsarahshope\/\",\"name\":\"COTA for Sarah&#039;s Hope\",\"description\":\"\",\"potentialAction\":[{\"@type\":\"SearchAction\",\"target\":{\"@type\":\"EntryPoint\",\"urlTemplate\":\"https:\/\/cota.org\/cotaforsarahshope\/?s={search_term_string}\"},\"query-input\":{\"@type\":\"PropertyValueSpecification\",\"valueRequired\":true,\"valueName\":\"search_term_string\"}}],\"inLanguage\":\"en-US\"}]}<\/script>\n<!-- \/ Yoast SEO Premium plugin. -->","yoast_head_json":{"title":"Our Story - COTA for Sarah&#039;s Hope","robots":{"index":"index","follow":"follow","max-snippet":"max-snippet:-1","max-image-preview":"max-image-preview:large","max-video-preview":"max-video-preview:-1"},"canonical":"https:\/\/cota.org\/cotaforsarahshope\/our-story\/","og_locale":"en_US","og_type":"article","og_title":"Our Story","og_description":"Sarah\u2019s Journey: A Story of Strength and Hope La Historia de Sarah: Una Lucha de Fuerza y Esperanza Sarah\u2019s heart journey began on December 20, 2024, at 20 weeks of gestation, where she was diagnosed with Hypoplastic Right Heart Syndrome (HRHS) and fetal hydrops. Later she was also diagnosed with liver enlargement. Since the day [&hellip;]","og_url":"https:\/\/cota.org\/cotaforsarahshope\/our-story\/","og_site_name":"COTA for Sarah&#039;s Hope","article_modified_time":"2025-11-13T14:02:43+00:00","og_image":[{"width":2048,"height":2048,"url":"https:\/\/cota.org\/cotaforsarahshope\/wp-content\/uploads\/sites\/6554\/2025\/05\/Sarah-Diaz.jpg","type":"image\/jpeg"}],"twitter_card":"summary_large_image","twitter_misc":{"Est. reading time":"6 minutes"},"schema":{"@context":"https:\/\/schema.org","@graph":[{"@type":"WebPage","@id":"https:\/\/cota.org\/cotaforsarahshope\/our-story\/","url":"https:\/\/cota.org\/cotaforsarahshope\/our-story\/","name":"Our Story - COTA for Sarah&#039;s Hope","isPartOf":{"@id":"https:\/\/cota.org\/cotaforsarahshope\/#website"},"primaryImageOfPage":{"@id":"https:\/\/cota.org\/cotaforsarahshope\/our-story\/#primaryimage"},"image":{"@id":"https:\/\/cota.org\/cotaforsarahshope\/our-story\/#primaryimage"},"thumbnailUrl":"https:\/\/cota.org\/cotaforsarahshope\/wp-content\/uploads\/sites\/6554\/2025\/05\/Sarah-Diaz.jpg","datePublished":"2024-09-27T18:14:56+00:00","dateModified":"2025-11-13T14:02:43+00:00","breadcrumb":{"@id":"https:\/\/cota.org\/cotaforsarahshope\/our-story\/#breadcrumb"},"inLanguage":"en-US","potentialAction":[{"@type":"ReadAction","target":["https:\/\/cota.org\/cotaforsarahshope\/our-story\/"]}]},{"@type":"ImageObject","inLanguage":"en-US","@id":"https:\/\/cota.org\/cotaforsarahshope\/our-story\/#primaryimage","url":"https:\/\/cota.org\/cotaforsarahshope\/wp-content\/uploads\/sites\/6554\/2025\/05\/Sarah-Diaz.jpg","contentUrl":"https:\/\/cota.org\/cotaforsarahshope\/wp-content\/uploads\/sites\/6554\/2025\/05\/Sarah-Diaz.jpg","width":2048,"height":2048},{"@type":"BreadcrumbList","@id":"https:\/\/cota.org\/cotaforsarahshope\/our-story\/#breadcrumb","itemListElement":[{"@type":"ListItem","position":1,"name":"Home","item":"https:\/\/cota.org\/cotaforsarahshope\/"},{"@type":"ListItem","position":2,"name":"Our Story"}]},{"@type":"WebSite","@id":"https:\/\/cota.org\/cotaforsarahshope\/#website","url":"https:\/\/cota.org\/cotaforsarahshope\/","name":"COTA for Sarah&#039;s Hope","description":"","potentialAction":[{"@type":"SearchAction","target":{"@type":"EntryPoint","urlTemplate":"https:\/\/cota.org\/cotaforsarahshope\/?s={search_term_string}"},"query-input":{"@type":"PropertyValueSpecification","valueRequired":true,"valueName":"search_term_string"}}],"inLanguage":"en-US"}]}},"_links":{"self":[{"href":"https:\/\/cota.org\/cotaforsarahshope\/wp-json\/wp\/v2\/pages\/14","targetHints":{"allow":["GET"]}}],"collection":[{"href":"https:\/\/cota.org\/cotaforsarahshope\/wp-json\/wp\/v2\/pages"}],"about":[{"href":"https:\/\/cota.org\/cotaforsarahshope\/wp-json\/wp\/v2\/types\/page"}],"author":[{"embeddable":true,"href":"https:\/\/cota.org\/cotaforsarahshope\/wp-json\/wp\/v2\/users\/5"}],"replies":[{"embeddable":true,"href":"https:\/\/cota.org\/cotaforsarahshope\/wp-json\/wp\/v2\/comments?post=14"}],"version-history":[{"count":0,"href":"https:\/\/cota.org\/cotaforsarahshope\/wp-json\/wp\/v2\/pages\/14\/revisions"}],"wp:featuredmedia":[{"embeddable":true,"href":"https:\/\/cota.org\/cotaforsarahshope\/wp-json\/wp\/v2\/media\/83"}],"wp:attachment":[{"href":"https:\/\/cota.org\/cotaforsarahshope\/wp-json\/wp\/v2\/media?parent=14"}],"curies":[{"name":"wp","href":"https:\/\/api.w.org\/{rel}","templated":true}]}}