{"id":3,"date":"2023-10-17T21:01:29","date_gmt":"2023-10-17T21:01:29","guid":{"rendered":"https:\/\/cota1.wpengine.com\/cotafortommyskidneyjourney\/contributions\/"},"modified":"2023-10-17T21:01:29","modified_gmt":"2023-10-17T21:01:29","slug":"contributions","status":"publish","type":"page","link":"https:\/\/cota.org\/cotafortommyskidneyjourney\/contributions\/","title":{"rendered":"Contributions"},"content":{"rendered":"\n\n<div id=\"block-block_f2bbdfbae764fd91af59ef78e54f8060\" class=\"block block--contributions \">\n\t\t\t\t<div class=\"dp__contributors--all\">\n\t\t\t\t\t\t\t<div class=\"dp__contributor\">\n\t\t\t\t\t<h3 class=\"dp__contributor-name\">Estefania Vasconcelos<\/h3>\n\t\t\t\t\t<p class=\"dp__contributor-date\">March 28, 2024<\/p>\n\t\t\t\t\t\t\t\t\t<\/div>\n\t\t\t\t\t\t\t<div class=\"dp__contributor\">\n\t\t\t\t\t<h3 class=\"dp__contributor-name\">Brenda Mejia<\/h3>\n\t\t\t\t\t<p class=\"dp__contributor-date\">March 21, 2024<\/p>\n\t\t\t\t\t\t\t\t\t<\/div>\n\t\t\t\t\t\t\t<div class=\"dp__contributor\">\n\t\t\t\t\t<h3 class=\"dp__contributor-name\">Ashley Wilson<\/h3>\n\t\t\t\t\t<p class=\"dp__contributor-date\">February 20, 2024<\/p>\n\t\t\t\t\t\t\t\t\t<\/div>\n\t\t\t\t\t\t\t<div class=\"dp__contributor\">\n\t\t\t\t\t<h3 class=\"dp__contributor-name\">Brenda Mejia<\/h3>\n\t\t\t\t\t<p class=\"dp__contributor-date\">February 09, 2024<\/p>\n\t\t\t\t\t\t\t\t\t<\/div>\n\t\t\t\t\t\t\t<div class=\"dp__contributor\">\n\t\t\t\t\t<h3 class=\"dp__contributor-name\">Lucas Schreyer<\/h3>\n\t\t\t\t\t<p class=\"dp__contributor-date\">February 03, 2024<\/p>\n\t\t\t\t\t\t\t\t\t\t\t<p class=\"dp__contributor-message\">All the best for Tommy! <\/p>\n\t\t\t\t\t\t\t\t\t<\/div>\n\t\t\t\t\t\t\t<div class=\"dp__contributor\">\n\t\t\t\t\t<h3 class=\"dp__contributor-name\">Brenda Mejia<\/h3>\n\t\t\t\t\t<p class=\"dp__contributor-date\">December 24, 2023<\/p>\n\t\t\t\t\t\t\t\t\t<\/div>\n\t\t\t\t\t\t\t<div class=\"dp__contributor\">\n\t\t\t\t\t<h3 class=\"dp__contributor-name\">Richard Lofgren<\/h3>\n\t\t\t\t\t<p class=\"dp__contributor-date\">December 14, 2023<\/p>\n\t\t\t\t\t\t\t\t\t\t\t<p class=\"dp__contributor-message\">in memory of Harper Crayton<\/p>\n\t\t\t\t\t\t\t\t\t<\/div>\n\t\t\t\t\t\t\t<div class=\"dp__contributor\">\n\t\t\t\t\t<h3 class=\"dp__contributor-name\">Carlos Fernandez<\/h3>\n\t\t\t\t\t<p class=\"dp__contributor-date\">December 01, 2023<\/p>\n\t\t\t\t\t\t\t\t\t<\/div>\n\t\t\t\t\t\t\t<div class=\"dp__contributor\">\n\t\t\t\t\t<h3 class=\"dp__contributor-name\">Brenda Cox<\/h3>\n\t\t\t\t\t<p class=\"dp__contributor-date\">November 22, 2023<\/p>\n\t\t\t\t\t\t\t\t\t\t\t<p class=\"dp__contributor-message\">Stay strong<\/p>\n\t\t\t\t\t\t\t\t\t<\/div>\n\t\t\t\t\t\t\t<div class=\"dp__contributor\">\n\t\t\t\t\t<h3 class=\"dp__contributor-name\">Vitalia Shklovsky<\/h3>\n\t\t\t\t\t<p class=\"dp__contributor-date\">November 18, 2023<\/p>\n\t\t\t\t\t\t\t\t\t<\/div>\n\t\t\t\t\t\t\t<div class=\"dp__contributor\">\n\t\t\t\t\t<h3 class=\"dp__contributor-name\">Brenda Mejia<\/h3>\n\t\t\t\t\t<p class=\"dp__contributor-date\">November 02, 2023<\/p>\n\t\t\t\t\t\t\t\t\t<\/div>\n\t\t\t\t\t\t\t<div class=\"dp__contributor\">\n\t\t\t\t\t<h3 class=\"dp__contributor-name\">Manuela Murray<\/h3>\n\t\t\t\t\t<p class=\"dp__contributor-date\">November 01, 2023<\/p>\n\t\t\t\t\t\t\t\t\t<\/div>\n\t\t\t\t\t\t\t<div class=\"dp__contributor\">\n\t\t\t\t\t<h3 class=\"dp__contributor-name\">Carlos Fernandez<\/h3>\n\t\t\t\t\t<p class=\"dp__contributor-date\">November 01, 2023<\/p>\n\t\t\t\t\t\t\t\t\t<\/div>\n\t\t\t\t\t\t\t<div class=\"dp__contributor\">\n\t\t\t\t\t<h3 class=\"dp__contributor-name\">Tracy Laman<\/h3>\n\t\t\t\t\t<p class=\"dp__contributor-date\">October 28, 2023<\/p>\n\t\t\t\t\t\t\t\t\t\t\t<p class=\"dp__contributor-message\">Love my Thomas!<\/p>\n\t\t\t\t\t\t\t\t\t<\/div>\n\t\t\t\t\t\t\t<div class=\"dp__contributor\">\n\t\t\t\t\t<h3 class=\"dp__contributor-name\">Ana Gutierrez<\/h3>\n\t\t\t\t\t<p class=\"dp__contributor-date\">October 11, 2023<\/p>\n\t\t\t\t\t\t\t\t\t<\/div>\n\t\t\t\t\t\t\t<div class=\"dp__contributor\">\n\t\t\t\t\t<h3 class=\"dp__contributor-name\">Marianelly Fernandez<\/h3>\n\t\t\t\t\t<p class=\"dp__contributor-date\">October 09, 2023<\/p>\n\t\t\t\t\t\t\t\t\t\t\t<p class=\"dp__contributor-message\">We love you Tomas<\/p>\n\t\t\t\t\t\t\t\t\t<\/div>\n\t\t\t\t\t\t\t<div class=\"dp__contributor\">\n\t\t\t\t\t<h3 class=\"dp__contributor-name\">Mariana Amato<\/h3>\n\t\t\t\t\t<p class=\"dp__contributor-date\">October 05, 2023<\/p>\n\t\t\t\t\t\t\t\t\t<\/div>\n\t\t\t\t\t\t\t<div class=\"dp__contributor\">\n\t\t\t\t\t<h3 class=\"dp__contributor-name\">Soraya Mossi Durr<\/h3>\n\t\t\t\t\t<p class=\"dp__contributor-date\">October 05, 2023<\/p>\n\t\t\t\t\t\t\t\t\t<\/div>\n\t\t\t\t\t\t\t<div class=\"dp__contributor\">\n\t\t\t\t\t<h3 class=\"dp__contributor-name\">The Benevity Community Impact Fund<\/h3>\n\t\t\t\t\t<p class=\"dp__contributor-date\">September 30, 2023<\/p>\n\t\t\t\t\t\t\t\t\t\t\t<p class=\"dp__contributor-message\">Carlos Pardo with Microsoft<\/p>\n\t\t\t\t\t\t\t\t\t<\/div>\n\t\t\t\t\t\t\t<div class=\"dp__contributor\">\n\t\t\t\t\t<h3 class=\"dp__contributor-name\">Carlos Fernandez<\/h3>\n\t\t\t\t\t<p class=\"dp__contributor-date\">October 01, 2023<\/p>\n\t\t\t\t\t\t\t\t\t<\/div>\n\t\t\t\t\t\t\t<div class=\"dp__contributor\">\n\t\t\t\t\t<h3 class=\"dp__contributor-name\">Mari D\u00edaz de Dalati<\/h3>\n\t\t\t\t\t<p class=\"dp__contributor-date\">September 22, 2023<\/p>\n\t\t\t\t\t\t\t\t\t<\/div>\n\t\t\t\t\t\t\t<div class=\"dp__contributor\">\n\t\t\t\t\t<h3 class=\"dp__contributor-name\">Gabriela Dalati<\/h3>\n\t\t\t\t\t<p class=\"dp__contributor-date\">September 22, 2023<\/p>\n\t\t\t\t\t\t\t\t\t<\/div>\n\t\t\t\t\t\t\t<div class=\"dp__contributor\">\n\t\t\t\t\t<h3 class=\"dp__contributor-name\">Carlos Fermin<\/h3>\n\t\t\t\t\t<p class=\"dp__contributor-date\">September 18, 2023<\/p>\n\t\t\t\t\t\t\t\t\t<\/div>\n\t\t\t\t\t\t\t<div class=\"dp__contributor\">\n\t\t\t\t\t<h3 class=\"dp__contributor-name\">Diana Nguyen<\/h3>\n\t\t\t\t\t<p class=\"dp__contributor-date\">September 02, 2023<\/p>\n\t\t\t\t\t\t\t\t\t\t\t<p class=\"dp__contributor-message\">Go Tomas!<\/p>\n\t\t\t\t\t\t\t\t\t<\/div>\n\t\t\t\t\t\t\t<div class=\"dp__contributor\">\n\t\t\t\t\t<h3 class=\"dp__contributor-name\">Carlos Fernandez<\/h3>\n\t\t\t\t\t<p class=\"dp__contributor-date\">September 01, 2023<\/p>\n\t\t\t\t\t\t\t\t\t<\/div>\n\t\t\t\t\t\t\t<div class=\"dp__contributor\">\n\t\t\t\t\t<h3 class=\"dp__contributor-name\">Carlos Lens<\/h3>\n\t\t\t\t\t<p class=\"dp__contributor-date\">August 24, 2023<\/p>\n\t\t\t\t\t\t\t\t\t<\/div>\n\t\t\t\t\t\t\t<div class=\"dp__contributor\">\n\t\t\t\t\t<h3 class=\"dp__contributor-name\">Jheni Gomes<\/h3>\n\t\t\t\t\t<p class=\"dp__contributor-date\">August 22, 2023<\/p>\n\t\t\t\t\t\t\t\t\t<\/div>\n\t\t\t\t\t\t\t<div class=\"dp__contributor\">\n\t\t\t\t\t<h3 class=\"dp__contributor-name\">Karen Barney<\/h3>\n\t\t\t\t\t<p class=\"dp__contributor-date\">August 15, 2023<\/p>\n\t\t\t\t\t\t\t\t\t<\/div>\n\t\t\t\t\t\t\t<div class=\"dp__contributor\">\n\t\t\t\t\t<h3 class=\"dp__contributor-name\">Melissa Smith Phillips<\/h3>\n\t\t\t\t\t<p class=\"dp__contributor-date\">August 15, 2023<\/p>\n\t\t\t\t\t\t\t\t\t<\/div>\n\t\t\t\t\t\t\t<div class=\"dp__contributor\">\n\t\t\t\t\t<h3 class=\"dp__contributor-name\">Alexais Montenegro<\/h3>\n\t\t\t\t\t<p class=\"dp__contributor-date\">August 14, 2023<\/p>\n\t\t\t\t\t\t\t\t\t<\/div>\n\t\t\t\t\t\t\t<div class=\"dp__contributor\">\n\t\t\t\t\t<h3 class=\"dp__contributor-name\">Scott Warren<\/h3>\n\t\t\t\t\t<p class=\"dp__contributor-date\">August 12, 2023<\/p>\n\t\t\t\t\t\t\t\t\t<\/div>\n\t\t\t\t\t\t\t<div class=\"dp__contributor\">\n\t\t\t\t\t<h3 class=\"dp__contributor-name\">Patricia Weill<\/h3>\n\t\t\t\t\t<p class=\"dp__contributor-date\">August 11, 2023<\/p>\n\t\t\t\t\t\t\t\t\t<\/div>\n\t\t\t\t\t\t\t<div class=\"dp__contributor\">\n\t\t\t\t\t<h3 class=\"dp__contributor-name\">Erika Blanco<\/h3>\n\t\t\t\t\t<p class=\"dp__contributor-date\">August 11, 2023<\/p>\n\t\t\t\t\t\t\t\t\t<\/div>\n\t\t\t\t\t\t\t<div class=\"dp__contributor\">\n\t\t\t\t\t<h3 class=\"dp__contributor-name\">Zimarayn Urdaneta<\/h3>\n\t\t\t\t\t<p class=\"dp__contributor-date\">August 09, 2023<\/p>\n\t\t\t\t\t\t\t\t\t<\/div>\n\t\t\t\t\t\t\t<div class=\"dp__contributor\">\n\t\t\t\t\t<h3 class=\"dp__contributor-name\">Ana Gomez<\/h3>\n\t\t\t\t\t<p class=\"dp__contributor-date\">August 09, 2023<\/p>\n\t\t\t\t\t\t\t\t\t\t\t<p class=\"dp__contributor-message\">Dios tiene un prop\u00f3sito con Tomas y su familia. Tomas es un guerrero y vino a ense\u00f1arnos cosas grandes ????<\/p>\n\t\t\t\t\t\t\t\t\t<\/div>\n\t\t\t\t\t\t\t<div class=\"dp__contributor\">\n\t\t\t\t\t<h3 class=\"dp__contributor-name\">Gabriella Uluknon<\/h3>\n\t\t\t\t\t<p class=\"dp__contributor-date\">August 07, 2023<\/p>\n\t\t\t\t\t\t\t\t\t<\/div>\n\t\t\t\t\t\t\t<div class=\"dp__contributor\">\n\t\t\t\t\t<h3 class=\"dp__contributor-name\">Nicole Rocha<\/h3>\n\t\t\t\t\t<p class=\"dp__contributor-date\">August 07, 2023<\/p>\n\t\t\t\t\t\t\t\t\t\t\t<p class=\"dp__contributor-message\">From Nicole Rocha and Frank Morales! <\/p>\n\t\t\t\t\t\t\t\t\t<\/div>\n\t\t\t\t\t\t\t<div class=\"dp__contributor\">\n\t\t\t\t\t<h3 class=\"dp__contributor-name\">Ainoa Maranon<\/h3>\n\t\t\t\t\t<p class=\"dp__contributor-date\">August 07, 2023<\/p>\n\t\t\t\t\t\t\t\t\t<\/div>\n\t\t\t\t\t\t\t<div class=\"dp__contributor\">\n\t\t\t\t\t<h3 class=\"dp__contributor-name\">Ellana Leal Real<\/h3>\n\t\t\t\t\t<p class=\"dp__contributor-date\">August 07, 2023<\/p>\n\t\t\t\t\t\t\t\t\t<\/div>\n\t\t\t\t\t\t\t<div class=\"dp__contributor\">\n\t\t\t\t\t<h3 class=\"dp__contributor-name\">Ivan Simonovis Perti\u00f1ez<\/h3>\n\t\t\t\t\t<p class=\"dp__contributor-date\">August 07, 2023<\/p>\n\t\t\t\t\t\t\t\t\t<\/div>\n\t\t\t\t\t\t\t<div class=\"dp__contributor\">\n\t\t\t\t\t<h3 class=\"dp__contributor-name\">Clara Montilla<\/h3>\n\t\t\t\t\t<p class=\"dp__contributor-date\">August 07, 2023<\/p>\n\t\t\t\t\t\t\t\t\t<\/div>\n\t\t\t\t\t\t\t<div class=\"dp__contributor\">\n\t\t\t\t\t<h3 class=\"dp__contributor-name\">Kevin8 Jimenez<\/h3>\n\t\t\t\t\t<p class=\"dp__contributor-date\">August 06, 2023<\/p>\n\t\t\t\t\t\t\t\t\t<\/div>\n\t\t\t\t\t\t\t<div class=\"dp__contributor\">\n\t\t\t\t\t<h3 class=\"dp__contributor-name\">Marianela Becerra<\/h3>\n\t\t\t\t\t<p class=\"dp__contributor-date\">August 06, 2023<\/p>\n\t\t\t\t\t\t\t\t\t<\/div>\n\t\t\t\t\t\t\t<div class=\"dp__contributor\">\n\t\t\t\t\t<h3 class=\"dp__contributor-name\">Gabriel Rodriguez<\/h3>\n\t\t\t\t\t<p class=\"dp__contributor-date\">August 06, 2023<\/p>\n\t\t\t\t\t\t\t\t\t\t\t<p class=\"dp__contributor-message\">Good luck Tomas!! Praying for you!!<\/p>\n\t\t\t\t\t\t\t\t\t<\/div>\n\t\t\t\t\t\t\t<div class=\"dp__contributor\">\n\t\t\t\t\t<h3 class=\"dp__contributor-name\">Carlos Pardo<\/h3>\n\t\t\t\t\t<p class=\"dp__contributor-date\">August 06, 2023<\/p>\n\t\t\t\t\t\t\t\t\t<\/div>\n\t\t\t\t\t\t\t<div class=\"dp__contributor\">\n\t\t\t\t\t<h3 class=\"dp__contributor-name\">Grexya Collantes<\/h3>\n\t\t\t\t\t<p class=\"dp__contributor-date\">August 06, 2023<\/p>\n\t\t\t\t\t\t\t\t\t<\/div>\n\t\t\t\t\t\t\t<div class=\"dp__contributor\">\n\t\t\t\t\t<h3 class=\"dp__contributor-name\">Antonio Carrillo<\/h3>\n\t\t\t\t\t<p class=\"dp__contributor-date\">August 06, 2023<\/p>\n\t\t\t\t\t\t\t\t\t\t\t<p class=\"dp__contributor-message\">Dios me lo bendiga siempre  <\/p>\n\t\t\t\t\t\t\t\t\t<\/div>\n\t\t\t\t\t\t\t<div class=\"dp__contributor\">\n\t\t\t\t\t<h3 class=\"dp__contributor-name\">Gaby Amundarain<\/h3>\n\t\t\t\t\t<p class=\"dp__contributor-date\">August 06, 2023<\/p>\n\t\t\t\t\t\t\t\t\t\t\t<p class=\"dp__contributor-message\">Dios te bendiga Tomas!??<\/p>\n\t\t\t\t\t\t\t\t\t<\/div>\n\t\t\t\t\t\t\t<div class=\"dp__contributor\">\n\t\t\t\t\t<h3 class=\"dp__contributor-name\">Judy Caffey<\/h3>\n\t\t\t\t\t<p class=\"dp__contributor-date\">August 05, 2023<\/p>\n\t\t\t\t\t\t\t\t\t<\/div>\n\t\t\t\t\t\t\t<div class=\"dp__contributor\">\n\t\t\t\t\t<h3 class=\"dp__contributor-name\">Alexandra Izurrieta<\/h3>\n\t\t\t\t\t<p class=\"dp__contributor-date\">August 05, 2023<\/p>\n\t\t\t\t\t\t\t\t\t<\/div>\n\t\t\t\t\t\t\t<div class=\"dp__contributor\">\n\t\t\t\t\t<h3 class=\"dp__contributor-name\">Daniel Garc\u00eda Cuadros<\/h3>\n\t\t\t\t\t<p class=\"dp__contributor-date\">August 05, 2023<\/p>\n\t\t\t\t\t\t\t\t\t\t\t<p class=\"dp__contributor-message\">Un abrazo desde Espa\u00f1a! Y much\u00edsima suerte y \u00e1nimos! <\/p>\n\t\t\t\t\t\t\t\t\t<\/div>\n\t\t\t\t\t\t\t<div class=\"dp__contributor\">\n\t\t\t\t\t<h3 class=\"dp__contributor-name\">Vanessa Giusti<\/h3>\n\t\t\t\t\t<p class=\"dp__contributor-date\">August 05, 2023<\/p>\n\t\t\t\t\t\t\t\t\t<\/div>\n\t\t\t\t\t\t\t<div class=\"dp__contributor\">\n\t\t\t\t\t<h3 class=\"dp__contributor-name\">Anthony Penaloza<\/h3>\n\t\t\t\t\t<p class=\"dp__contributor-date\">August 05, 2023<\/p>\n\t\t\t\t\t\t\t\t\t<\/div>\n\t\t\t\t\t\t\t<div class=\"dp__contributor\">\n\t\t\t\t\t<h3 class=\"dp__contributor-name\">Natalie Royer<\/h3>\n\t\t\t\t\t<p class=\"dp__contributor-date\">August 05, 2023<\/p>\n\t\t\t\t\t\t\t\t\t\t\t<p class=\"dp__contributor-message\">We love you Tomas!; ; ; ; -Natalie, Derek, and Ethan Royer<\/p>\n\t\t\t\t\t\t\t\t\t<\/div>\n\t\t\t\t\t\t\t<div class=\"dp__contributor\">\n\t\t\t\t\t<h3 class=\"dp__contributor-name\">Karelia Diaz<\/h3>\n\t\t\t\t\t<p class=\"dp__contributor-date\">August 05, 2023<\/p>\n\t\t\t\t\t\t\t\t\t<\/div>\n\t\t\t\t\t\t\t<div class=\"dp__contributor\">\n\t\t\t\t\t<h3 class=\"dp__contributor-name\">Arthur Faure<\/h3>\n\t\t\t\t\t<p class=\"dp__contributor-date\">August 05, 2023<\/p>\n\t\t\t\t\t\t\t\t\t<\/div>\n\t\t\t\t\t\t\t<div class=\"dp__contributor\">\n\t\t\t\t\t<h3 class=\"dp__contributor-name\">Gloriabrigitte Ctl<\/h3>\n\t\t\t\t\t<p class=\"dp__contributor-date\">August 05, 2023<\/p>\n\t\t\t\t\t\t\t\t\t<\/div>\n\t\t\t\t\t\t\t<div class=\"dp__contributor\">\n\t\t\t\t\t<h3 class=\"dp__contributor-name\">Maria San Andres<\/h3>\n\t\t\t\t\t<p class=\"dp__contributor-date\">August 04, 2023<\/p>\n\t\t\t\t\t\t\t\t\t<\/div>\n\t\t\t\t\t\t\t<div class=\"dp__contributor\">\n\t\t\t\t\t<h3 class=\"dp__contributor-name\">Claudia Ulloa<\/h3>\n\t\t\t\t\t<p class=\"dp__contributor-date\">August 04, 2023<\/p>\n\t\t\t\t\t\t\t\t\t\t\t<p class=\"dp__contributor-message\">Animo Tomas! Dios est\u00e1 contigo ??<\/p>\n\t\t\t\t\t\t\t\t\t<\/div>\n\t\t\t\t\t\t\t<div class=\"dp__contributor\">\n\t\t\t\t\t<h3 class=\"dp__contributor-name\">Nassif Awwad<\/h3>\n\t\t\t\t\t<p class=\"dp__contributor-date\">August 04, 2023<\/p>\n\t\t\t\t\t\t\t\t\t\t\t<p class=\"dp__contributor-message\">God bless you all and stay strong<\/p>\n\t\t\t\t\t\t\t\t\t<\/div>\n\t\t\t\t\t\t\t<div class=\"dp__contributor\">\n\t\t\t\t\t<h3 class=\"dp__contributor-name\">Tatiana Leal<\/h3>\n\t\t\t\t\t<p class=\"dp__contributor-date\">August 04, 2023<\/p>\n\t\t\t\t\t\t\t\t\t\t\t<p class=\"dp__contributor-message\">Mucho \u00e1nimo! Dios siga bendici\u00e9ndoles y Tomas pueda seguir adelante..Con mucha vida y salud! ??????<\/p>\n\t\t\t\t\t\t\t\t\t<\/div>\n\t\t\t\t\t\t\t<div class=\"dp__contributor\">\n\t\t\t\t\t<h3 class=\"dp__contributor-name\">Maria Maria<\/h3>\n\t\t\t\t\t<p class=\"dp__contributor-date\">August 04, 2023<\/p>\n\t\t\t\t\t\t\t\t\t<\/div>\n\t\t\t\t\t\t\t<div class=\"dp__contributor\">\n\t\t\t\t\t<h3 class=\"dp__contributor-name\">Mariluz Bravo<\/h3>\n\t\t\t\t\t<p class=\"dp__contributor-date\">August 04, 2023<\/p>\n\t\t\t\t\t\t\t\t\t<\/div>\n\t\t\t\t\t\t\t<div class=\"dp__contributor\">\n\t\t\t\t\t<h3 class=\"dp__contributor-name\">Soccer Academy Doral<\/h3>\n\t\t\t\t\t<p class=\"dp__contributor-date\">August 03, 2023<\/p>\n\t\t\t\t\t\t\t\t\t<\/div>\n\t\t\t\t\t\t\t<div class=\"dp__contributor\">\n\t\t\t\t\t<h3 class=\"dp__contributor-name\">Carla Guarache<\/h3>\n\t\t\t\t\t<p class=\"dp__contributor-date\">August 03, 2023<\/p>\n\t\t\t\t\t\t\t\t\t<\/div>\n\t\t\t\t\t\t\t<div class=\"dp__contributor\">\n\t\t\t\t\t<h3 class=\"dp__contributor-name\">Isabel Bello<\/h3>\n\t\t\t\t\t<p class=\"dp__contributor-date\">August 03, 2023<\/p>\n\t\t\t\t\t\t\t\t\t<\/div>\n\t\t\t\t\t\t\t<div class=\"dp__contributor\">\n\t\t\t\t\t<h3 class=\"dp__contributor-name\">Lynda Williams<\/h3>\n\t\t\t\t\t<p class=\"dp__contributor-date\">August 03, 2023<\/p>\n\t\t\t\t\t\t\t\t\t<\/div>\n\t\t\t\t\t\t\t<div class=\"dp__contributor\">\n\t\t\t\t\t<h3 class=\"dp__contributor-name\">Cesar Dommar<\/h3>\n\t\t\t\t\t<p class=\"dp__contributor-date\">August 03, 2023<\/p>\n\t\t\t\t\t\t\t\t\t<\/div>\n\t\t\t\t\t\t\t<div class=\"dp__contributor\">\n\t\t\t\t\t<h3 class=\"dp__contributor-name\">Joanne Acevedo<\/h3>\n\t\t\t\t\t<p class=\"dp__contributor-date\">August 03, 2023<\/p>\n\t\t\t\t\t\t\t\t\t<\/div>\n\t\t\t\t\t\t\t<div class=\"dp__contributor\">\n\t\t\t\t\t<h3 class=\"dp__contributor-name\">Alvaro Arguello<\/h3>\n\t\t\t\t\t<p class=\"dp__contributor-date\">August 03, 2023<\/p>\n\t\t\t\t\t\t\t\t\t<\/div>\n\t\t\t\t\t\t\t<div class=\"dp__contributor\">\n\t\t\t\t\t<h3 class=\"dp__contributor-name\">Amanda Dunn<\/h3>\n\t\t\t\t\t<p class=\"dp__contributor-date\">August 02, 2023<\/p>\n\t\t\t\t\t\t\t\t\t<\/div>\n\t\t\t\t\t\t\t<div class=\"dp__contributor\">\n\t\t\t\t\t<h3 class=\"dp__contributor-name\">Kenya Hernandez Garcia<\/h3>\n\t\t\t\t\t<p class=\"dp__contributor-date\">August 02, 2023<\/p>\n\t\t\t\t\t\t\t\t\t<\/div>\n\t\t\t\t\t\t\t<div class=\"dp__contributor\">\n\t\t\t\t\t<h3 class=\"dp__contributor-name\">Tera Polson<\/h3>\n\t\t\t\t\t<p class=\"dp__contributor-date\">August 02, 2023<\/p>\n\t\t\t\t\t\t\t\t\t<\/div>\n\t\t\t\t\t\t\t<div class=\"dp__contributor\">\n\t\t\t\t\t<h3 class=\"dp__contributor-name\">Cynthia Jackson<\/h3>\n\t\t\t\t\t<p class=\"dp__contributor-date\">August 02, 2023<\/p>\n\t\t\t\t\t\t\t\t\t<\/div>\n\t\t\t\t\t\t\t<div class=\"dp__contributor\">\n\t\t\t\t\t<h3 class=\"dp__contributor-name\">Roxana Sangiorgi<\/h3>\n\t\t\t\t\t<p class=\"dp__contributor-date\">August 02, 2023<\/p>\n\t\t\t\t\t\t\t\t\t<\/div>\n\t\t\t\t\t\t\t<div class=\"dp__contributor\">\n\t\t\t\t\t<h3 class=\"dp__contributor-name\">Ailen Escobar<\/h3>\n\t\t\t\t\t<p class=\"dp__contributor-date\">August 02, 2023<\/p>\n\t\t\t\t\t\t\t\t\t<\/div>\n\t\t\t\t\t\t\t<div class=\"dp__contributor\">\n\t\t\t\t\t<h3 class=\"dp__contributor-name\">Nahomy Ainagas<\/h3>\n\t\t\t\t\t<p class=\"dp__contributor-date\">August 02, 2023<\/p>\n\t\t\t\t\t\t\t\t\t<\/div>\n\t\t\t\t\t\t\t<div class=\"dp__contributor\">\n\t\t\t\t\t<h3 class=\"dp__contributor-name\">MA Gabriela L Chopite<\/h3>\n\t\t\t\t\t<p class=\"dp__contributor-date\">August 02, 2023<\/p>\n\t\t\t\t\t\t\t\t\t<\/div>\n\t\t\t\t\t\t\t<div class=\"dp__contributor\">\n\t\t\t\t\t<h3 class=\"dp__contributor-name\">Lorena Cortes<\/h3>\n\t\t\t\t\t<p class=\"dp__contributor-date\">August 02, 2023<\/p>\n\t\t\t\t\t\t\t\t\t<\/div>\n\t\t\t\t\t\t\t<div class=\"dp__contributor\">\n\t\t\t\t\t<h3 class=\"dp__contributor-name\">Elimar Rodriguez<\/h3>\n\t\t\t\t\t<p class=\"dp__contributor-date\">August 02, 2023<\/p>\n\t\t\t\t\t\t\t\t\t<\/div>\n\t\t\t\t\t\t\t<div class=\"dp__contributor\">\n\t\t\t\t\t<h3 class=\"dp__contributor-name\">Soraya Zuloaga<\/h3>\n\t\t\t\t\t<p class=\"dp__contributor-date\">August 02, 2023<\/p>\n\t\t\t\t\t\t\t\t\t<\/div>\n\t\t\t\t\t\t\t<div class=\"dp__contributor\">\n\t\t\t\t\t<h3 class=\"dp__contributor-name\">Jorge Davila<\/h3>\n\t\t\t\t\t<p class=\"dp__contributor-date\">August 02, 2023<\/p>\n\t\t\t\t\t\t\t\t\t<\/div>\n\t\t\t\t\t\t\t<div class=\"dp__contributor\">\n\t\t\t\t\t<h3 class=\"dp__contributor-name\">Mona Hashemi<\/h3>\n\t\t\t\t\t<p class=\"dp__contributor-date\">August 02, 2023<\/p>\n\t\t\t\t\t\t\t\t\t<\/div>\n\t\t\t\t\t\t\t<div class=\"dp__contributor\">\n\t\t\t\t\t<h3 class=\"dp__contributor-name\">Liana Castro<\/h3>\n\t\t\t\t\t<p class=\"dp__contributor-date\">August 02, 2023<\/p>\n\t\t\t\t\t\t\t\t\t<\/div>\n\t\t\t\t\t\t\t<div class=\"dp__contributor\">\n\t\t\t\t\t<h3 class=\"dp__contributor-name\">Teresita Rodriguez<\/h3>\n\t\t\t\t\t<p class=\"dp__contributor-date\">August 02, 2023<\/p>\n\t\t\t\t\t\t\t\t\t<\/div>\n\t\t\t\t\t\t\t<div class=\"dp__contributor\">\n\t\t\t\t\t<h3 class=\"dp__contributor-name\">Susy Robaina<\/h3>\n\t\t\t\t\t<p class=\"dp__contributor-date\">August 02, 2023<\/p>\n\t\t\t\t\t\t\t\t\t\t\t<p class=\"dp__contributor-message\">Espero que se recupere pronto. Lo tendr\u00e9 presente en mis oraciones??<\/p>\n\t\t\t\t\t\t\t\t\t<\/div>\n\t\t\t\t\t\t\t<div class=\"dp__contributor\">\n\t\t\t\t\t<h3 class=\"dp__contributor-name\">Maria Fernandez<\/h3>\n\t\t\t\t\t<p class=\"dp__contributor-date\">August 02, 2023<\/p>\n\t\t\t\t\t\t\t\t\t<\/div>\n\t\t\t\t\t\t\t<div class=\"dp__contributor\">\n\t\t\t\t\t<h3 class=\"dp__contributor-name\">Leonela Bastardo<\/h3>\n\t\t\t\t\t<p class=\"dp__contributor-date\">August 02, 2023<\/p>\n\t\t\t\t\t\t\t\t\t<\/div>\n\t\t\t\t\t\t\t<div class=\"dp__contributor\">\n\t\t\t\t\t<h3 class=\"dp__contributor-name\">Rocio Iglesias<\/h3>\n\t\t\t\t\t<p class=\"dp__contributor-date\">August 02, 2023<\/p>\n\t\t\t\t\t\t\t\t\t<\/div>\n\t\t\t\t\t\t\t<div class=\"dp__contributor\">\n\t\t\t\t\t<h3 class=\"dp__contributor-name\">Maria Esther Ramirez<\/h3>\n\t\t\t\t\t<p class=\"dp__contributor-date\">August 02, 2023<\/p>\n\t\t\t\t\t\t\t\t\t<\/div>\n\t\t\t\t\t\t\t<div class=\"dp__contributor\">\n\t\t\t\t\t<h3 class=\"dp__contributor-name\">Guillermo Sardi Garcia<\/h3>\n\t\t\t\t\t<p class=\"dp__contributor-date\">August 02, 2023<\/p>\n\t\t\t\t\t\t\t\t\t<\/div>\n\t\t\t\t\t\t\t<div class=\"dp__contributor\">\n\t\t\t\t\t<h3 class=\"dp__contributor-name\">Migueylis Natera<\/h3>\n\t\t\t\t\t<p class=\"dp__contributor-date\">August 02, 2023<\/p>\n\t\t\t\t\t\t\t\t\t<\/div>\n\t\t\t\t\t\t\t<div class=\"dp__contributor\">\n\t\t\t\t\t<h3 class=\"dp__contributor-name\">Analicia Timaure<\/h3>\n\t\t\t\t\t<p class=\"dp__contributor-date\">August 02, 2023<\/p>\n\t\t\t\t\t\t\t\t\t<\/div>\n\t\t\t\t\t\t\t<div class=\"dp__contributor\">\n\t\t\t\t\t<h3 class=\"dp__contributor-name\">Mariana Howard<\/h3>\n\t\t\t\t\t<p class=\"dp__contributor-date\">August 02, 2023<\/p>\n\t\t\t\t\t\t\t\t\t\t\t<p class=\"dp__contributor-message\">We hope our small donation helps your sweet boy. Our prayers go out to your family in this difficult time. <\/p>\n\t\t\t\t\t\t\t\t\t<\/div>\n\t\t\t\t\t\t\t<div class=\"dp__contributor\">\n\t\t\t\t\t<h3 class=\"dp__contributor-name\">Ariana Arias<\/h3>\n\t\t\t\t\t<p class=\"dp__contributor-date\">August 01, 2023<\/p>\n\t\t\t\t\t\t\t\t\t\t\t<p class=\"dp__contributor-message\">Animo Tommasito y familia. Toda la fuerza del mundo; ; Ariana &amp; Aldryn; ; <\/p>\n\t\t\t\t\t\t\t\t\t<\/div>\n\t\t\t\t\t\t\t<div class=\"dp__contributor\">\n\t\t\t\t\t<h3 class=\"dp__contributor-name\">Luis Rivas<\/h3>\n\t\t\t\t\t<p class=\"dp__contributor-date\">August 01, 2023<\/p>\n\t\t\t\t\t\t\t\t\t<\/div>\n\t\t\t\t\t\t\t<div class=\"dp__contributor\">\n\t\t\t\t\t<h3 class=\"dp__contributor-name\">Carolina Vizcarra<\/h3>\n\t\t\t\t\t<p class=\"dp__contributor-date\">August 01, 2023<\/p>\n\t\t\t\t\t\t\t\t\t<\/div>\n\t\t\t\t\t\t\t<div class=\"dp__contributor\">\n\t\t\t\t\t<h3 class=\"dp__contributor-name\">Maria Gutierrez<\/h3>\n\t\t\t\t\t<p class=\"dp__contributor-date\">August 01, 2023<\/p>\n\t\t\t\t\t\t\t\t\t<\/div>\n\t\t\t\t\t\t\t<div class=\"dp__contributor\">\n\t\t\t\t\t<h3 class=\"dp__contributor-name\">Ana Raga<\/h3>\n\t\t\t\t\t<p class=\"dp__contributor-date\">August 01, 2023<\/p>\n\t\t\t\t\t\t\t\t\t<\/div>\n\t\t\t\t\t\t\t<div class=\"dp__contributor\">\n\t\t\t\t\t<h3 class=\"dp__contributor-name\">K Teran<\/h3>\n\t\t\t\t\t<p class=\"dp__contributor-date\">August 01, 2023<\/p>\n\t\t\t\t\t\t\t\t\t<\/div>\n\t\t\t\t\t\t\t<div class=\"dp__contributor\">\n\t\t\t\t\t<h3 class=\"dp__contributor-name\">Carlos Fernandez<\/h3>\n\t\t\t\t\t<p class=\"dp__contributor-date\">August 01, 2023<\/p>\n\t\t\t\t\t\t\t\t\t<\/div>\n\t\t\t\t\t\t\t<div class=\"dp__contributor\">\n\t\t\t\t\t<h3 class=\"dp__contributor-name\">Luisa Higuera<\/h3>\n\t\t\t\t\t<p class=\"dp__contributor-date\">August 01, 2023<\/p>\n\t\t\t\t\t\t\t\t\t<\/div>\n\t\t\t\t\t\t\t<div class=\"dp__contributor\">\n\t\t\t\t\t<h3 class=\"dp__contributor-name\">Sofia Leboreiro<\/h3>\n\t\t\t\t\t<p class=\"dp__contributor-date\">August 01, 2023<\/p>\n\t\t\t\t\t\t\t\t\t<\/div>\n\t\t\t\t\t\t\t<div class=\"dp__contributor\">\n\t\t\t\t\t<h3 class=\"dp__contributor-name\">Andreina Rivas Lampe<\/h3>\n\t\t\t\t\t<p class=\"dp__contributor-date\">August 01, 2023<\/p>\n\t\t\t\t\t\t\t\t\t<\/div>\n\t\t\t\t\t<\/div>\n\t<\/div>\n","protected":false},"excerpt":{"rendered":"","protected":false},"author":0,"featured_media":0,"parent":0,"menu_order":0,"comment_status":"closed","ping_status":"closed","template":"","meta":{"_acf_changed":false,"footnotes":""},"class_list":["post-3","page","type-page","status-publish","hentry"],"acf":[],"_links":{"self":[{"href":"https:\/\/cota.org\/cotafortommyskidneyjourney\/wp-json\/wp\/v2\/pages\/3","targetHints":{"allow":["GET"]}}],"collection":[{"href":"https:\/\/cota.org\/cotafortommyskidneyjourney\/wp-json\/wp\/v2\/pages"}],"about":[{"href":"https:\/\/cota.org\/cotafortommyskidneyjourney\/wp-json\/wp\/v2\/types\/page"}],"replies":[{"embeddable":true,"href":"https:\/\/cota.org\/cotafortommyskidneyjourney\/wp-json\/wp\/v2\/comments?post=3"}],"version-history":[{"count":0,"href":"https:\/\/cota.org\/cotafortommyskidneyjourney\/wp-json\/wp\/v2\/pages\/3\/revisions"}],"wp:attachment":[{"href":"https:\/\/cota.org\/cotafortommyskidneyjourney\/wp-json\/wp\/v2\/media?parent=3"}],"curies":[{"name":"wp","href":"https:\/\/api.w.org\/{rel}","templated":true}]}}