{"id":3,"date":"2023-10-19T12:45:07","date_gmt":"2023-10-19T12:45:07","guid":{"rendered":"https:\/\/cota1.wpengine.com\/cotaforvaleriao\/contributions\/"},"modified":"2023-10-19T12:45:07","modified_gmt":"2023-10-19T12:45:07","slug":"contributions","status":"publish","type":"page","link":"https:\/\/cota.org\/cotaforvaleriao\/contributions\/","title":{"rendered":"Contributions"},"content":{"rendered":"\n\n<div id=\"block-block_f2bbdfbae764fd91af59ef78e54f8060\" class=\"block block--contributions \">\n\t\t\t\t<div class=\"dp__contributors--all\">\n\t\t\t\t\t\t\t<div class=\"dp__contributor\">\n\t\t\t\t\t<h3 class=\"dp__contributor-name\"> YourCause, LLC Trustee for<\/h3>\n\t\t\t\t\t<p class=\"dp__contributor-date\">February 05, 2018<\/p>\n\t\t\t\t\t\t\t\t\t<\/div>\n\t\t\t\t\t\t\t<div class=\"dp__contributor\">\n\t\t\t\t\t<h3 class=\"dp__contributor-name\">Alexandra Duque Silva<\/h3>\n\t\t\t\t\t<p class=\"dp__contributor-date\">December 26, 2017<\/p>\n\t\t\t\t\t\t\t\t\t\t\t<p class=\"dp__contributor-message\">Muchas Fuerzas para ustedes en este momento, un abrazo <\/p>\n\t\t\t\t\t\t\t\t\t<\/div>\n\t\t\t\t\t\t\t<div class=\"dp__contributor\">\n\t\t\t\t\t<h3 class=\"dp__contributor-name\"> O2B Kids 9, LLC<\/h3>\n\t\t\t\t\t<p class=\"dp__contributor-date\">December 04, 2017<\/p>\n\t\t\t\t\t\t\t\t\t<\/div>\n\t\t\t\t\t\t\t<div class=\"dp__contributor\">\n\t\t\t\t\t<h3 class=\"dp__contributor-name\">Santiago Restrepo<\/h3>\n\t\t\t\t\t<p class=\"dp__contributor-date\">December 05, 2017<\/p>\n\t\t\t\t\t\t\t\t\t<\/div>\n\t\t\t\t\t\t\t<div class=\"dp__contributor\">\n\t\t\t\t\t<h3 class=\"dp__contributor-name\">Jitendra Barmecha<\/h3>\n\t\t\t\t\t<p class=\"dp__contributor-date\">December 01, 2017<\/p>\n\t\t\t\t\t\t\t\t\t\t\t<p class=\"dp__contributor-message\">Wishing you all the best from the SBH Diwali Committee.<\/p>\n\t\t\t\t\t\t\t\t\t<\/div>\n\t\t\t\t\t\t\t<div class=\"dp__contributor\">\n\t\t\t\t\t<h3 class=\"dp__contributor-name\">Jitendra Barmecha<\/h3>\n\t\t\t\t\t<p class=\"dp__contributor-date\">December 01, 2017<\/p>\n\t\t\t\t\t\t\t\t\t\t\t<p class=\"dp__contributor-message\">Our prayers are with you always &#8211; Neel &amp; Maya<\/p>\n\t\t\t\t\t\t\t\t\t<\/div>\n\t\t\t\t\t\t\t<div class=\"dp__contributor\">\n\t\t\t\t\t<h3 class=\"dp__contributor-name\">Carlos Pena<\/h3>\n\t\t\t\t\t<p class=\"dp__contributor-date\">November 28, 2017<\/p>\n\t\t\t\t\t\t\t\t\t\t\t<p class=\"dp__contributor-message\">Queridos Viki,  Pulga, Amalia y Vale. Pensamos en ustedes todos los d\u00edas y queremos enviarles todo nuestro amor y fuerza. Han sido un ejemplo y Vale una inspiraci\u00f3n.  Los queremos mucho. Familia Pe\u00f1a Castro<\/p>\n\t\t\t\t\t\t\t\t\t<\/div>\n\t\t\t\t\t\t\t<div class=\"dp__contributor\">\n\t\t\t\t\t<h3 class=\"dp__contributor-name\">Marcela Jimenez<\/h3>\n\t\t\t\t\t<p class=\"dp__contributor-date\">November 28, 2017<\/p>\n\t\t\t\t\t\t\t\t\t<\/div>\n\t\t\t\t\t\t\t<div class=\"dp__contributor\">\n\t\t\t\t\t<h3 class=\"dp__contributor-name\">Silvana Jackson<\/h3>\n\t\t\t\t\t<p class=\"dp__contributor-date\">November 10, 2017<\/p>\n\t\t\t\t\t\t\t\t\t\t\t<p class=\"dp__contributor-message\">This is from the Thirty-One Gifts Fundraiser! My family and I will continue to pray for your family! <\/p>\n\t\t\t\t\t\t\t\t\t<\/div>\n\t\t\t\t\t\t\t<div class=\"dp__contributor\">\n\t\t\t\t\t<h3 class=\"dp__contributor-name\">Bill and Pam Reese<\/h3>\n\t\t\t\t\t<p class=\"dp__contributor-date\">October 31, 2017<\/p>\n\t\t\t\t\t\t\t\t\t<\/div>\n\t\t\t\t\t\t\t<div class=\"dp__contributor\">\n\t\t\t\t\t<h3 class=\"dp__contributor-name\">Sophia Morales<\/h3>\n\t\t\t\t\t<p class=\"dp__contributor-date\">October 31, 2017<\/p>\n\t\t\t\t\t\t\t\t\t<\/div>\n\t\t\t\t\t\t\t<div class=\"dp__contributor\">\n\t\t\t\t\t<h3 class=\"dp__contributor-name\">Nathaly Vasquez<\/h3>\n\t\t\t\t\t<p class=\"dp__contributor-date\">October 22, 2017<\/p>\n\t\t\t\t\t\t\t\t\t\t\t<p class=\"dp__contributor-message\">Todo va a salir bien, mucha fuerza!<\/p>\n\t\t\t\t\t\t\t\t\t<\/div>\n\t\t\t\t\t\t\t<div class=\"dp__contributor\">\n\t\t\t\t\t<h3 class=\"dp__contributor-name\">Atif Qureshi<\/h3>\n\t\t\t\t\t<p class=\"dp__contributor-date\">October 18, 2017<\/p>\n\t\t\t\t\t\t\t\t\t<\/div>\n\t\t\t\t\t\t\t<div class=\"dp__contributor\">\n\t\t\t\t\t<h3 class=\"dp__contributor-name\">Nancy Kirkland<\/h3>\n\t\t\t\t\t<p class=\"dp__contributor-date\">October 18, 2017<\/p>\n\t\t\t\t\t\t\t\t\t\t\t<p class=\"dp__contributor-message\">I want to thank all of our neighbors who supported our neighborhood Fundraiser for Valeria.  I know the family appreciates the Love and Prayers everyone has sent them.  <\/p>\n\t\t\t\t\t\t\t\t\t<\/div>\n\t\t\t\t\t\t\t<div class=\"dp__contributor\">\n\t\t\t\t\t<h3 class=\"dp__contributor-name\">Richard Lofgren<\/h3>\n\t\t\t\t\t<p class=\"dp__contributor-date\">October 13, 2017<\/p>\n\t\t\t\t\t\t\t\t\t<\/div>\n\t\t\t\t\t\t\t<div class=\"dp__contributor\">\n\t\t\t\t\t<h3 class=\"dp__contributor-name\">Paula &amp; Frank Hodge<\/h3>\n\t\t\t\t\t<p class=\"dp__contributor-date\">October 11, 2017<\/p>\n\t\t\t\t\t\t\t\t\t\t\t<p class=\"dp__contributor-message\">Go Valeria, rooting for you!<\/p>\n\t\t\t\t\t\t\t\t\t<\/div>\n\t\t\t\t\t\t\t<div class=\"dp__contributor\">\n\t\t\t\t\t<h3 class=\"dp__contributor-name\">Bhavin Patel<\/h3>\n\t\t\t\t\t<p class=\"dp__contributor-date\">October 11, 2017<\/p>\n\t\t\t\t\t\t\t\t\t<\/div>\n\t\t\t\t\t\t\t<div class=\"dp__contributor\">\n\t\t\t\t\t<h3 class=\"dp__contributor-name\">Mrugesh Patel<\/h3>\n\t\t\t\t\t<p class=\"dp__contributor-date\">October 11, 2017<\/p>\n\t\t\t\t\t\t\t\t\t\t\t<p class=\"dp__contributor-message\">We are together in this. XOXO Vale<\/p>\n\t\t\t\t\t\t\t\t\t<\/div>\n\t\t\t\t\t\t\t<div class=\"dp__contributor\">\n\t\t\t\t\t<h3 class=\"dp__contributor-name\">Tom and Carol Nett<\/h3>\n\t\t\t\t\t<p class=\"dp__contributor-date\">October 11, 2017<\/p>\n\t\t\t\t\t\t\t\t\t<\/div>\n\t\t\t\t\t\t\t<div class=\"dp__contributor\">\n\t\t\t\t\t<h3 class=\"dp__contributor-name\">Jennine Muela<\/h3>\n\t\t\t\t\t<p class=\"dp__contributor-date\">October 10, 2017<\/p>\n\t\t\t\t\t\t\t\t\t<\/div>\n\t\t\t\t\t\t\t<div class=\"dp__contributor\">\n\t\t\t\t\t<h3 class=\"dp__contributor-name\">Sofia Voegelin<\/h3>\n\t\t\t\t\t<p class=\"dp__contributor-date\">October 09, 2017<\/p>\n\t\t\t\t\t\t\t\t\t<\/div>\n\t\t\t\t\t\t\t<div class=\"dp__contributor\">\n\t\t\t\t\t<h3 class=\"dp__contributor-name\">Heli, Luz &amp; Silvia<\/h3>\n\t\t\t\t\t<p class=\"dp__contributor-date\">October 09, 2017<\/p>\n\t\t\t\t\t\t\t\t\t<\/div>\n\t\t\t\t\t\t\t<div class=\"dp__contributor\">\n\t\t\t\t\t<h3 class=\"dp__contributor-name\">Juan F. Pe\u00f1aranda<\/h3>\n\t\t\t\t\t<p class=\"dp__contributor-date\">October 09, 2017<\/p>\n\t\t\t\t\t\t\t\t\t<\/div>\n\t\t\t\t\t\t\t<div class=\"dp__contributor\">\n\t\t\t\t\t<h3 class=\"dp__contributor-name\">Mindy Turley Parsons<\/h3>\n\t\t\t\t\t<p class=\"dp__contributor-date\">October 08, 2017<\/p>\n\t\t\t\t\t\t\t\t\t\t\t<p class=\"dp__contributor-message\">Carlos &#8211; I wasn`t aware your baby girl was sick until I read your note.  Stay positive &#8211; Valeria will persevere with flying colors! You will all be in my thoughts as she gets closer every day to her receiving her new heart :). Mindy (from the office); ; <\/p>\n\t\t\t\t\t\t\t\t\t<\/div>\n\t\t\t\t\t\t\t<div class=\"dp__contributor\">\n\t\t\t\t\t<h3 class=\"dp__contributor-name\">Hector Lozano<\/h3>\n\t\t\t\t\t<p class=\"dp__contributor-date\">October 07, 2017<\/p>\n\t\t\t\t\t\t\t\t\t\t\t<p class=\"dp__contributor-message\">Dr. Carlos Ocampo y Familia:; ; Estamos con Uds. en este momento dif\u00edcil. Reciban mil bendiciones y mucha fortaleza para seguir adelante en este proceso de recuperaci\u00f3n de Valeria. ; ; Miembros y Directivas de COAMED<\/p>\n\t\t\t\t\t\t\t\t\t<\/div>\n\t\t\t\t\t\t\t<div class=\"dp__contributor\">\n\t\t\t\t\t<h3 class=\"dp__contributor-name\">Daniel Quijano<\/h3>\n\t\t\t\t\t<p class=\"dp__contributor-date\">October 06, 2017<\/p>\n\t\t\t\t\t\t\t\t\t<\/div>\n\t\t\t\t\t\t\t<div class=\"dp__contributor\">\n\t\t\t\t\t<h3 class=\"dp__contributor-name\">Xiomara Morales<\/h3>\n\t\t\t\t\t<p class=\"dp__contributor-date\">October 05, 2017<\/p>\n\t\t\t\t\t\t\t\t\t\t\t<p class=\"dp__contributor-message\">????<\/p>\n\t\t\t\t\t\t\t\t\t<\/div>\n\t\t\t\t\t\t\t<div class=\"dp__contributor\">\n\t\t\t\t\t<h3 class=\"dp__contributor-name\"> Network For Good<\/h3>\n\t\t\t\t\t<p class=\"dp__contributor-date\">September 15, 2017<\/p>\n\t\t\t\t\t\t\t\t\t<\/div>\n\t\t\t\t\t\t\t<div class=\"dp__contributor\">\n\t\t\t\t\t<h3 class=\"dp__contributor-name\">Kathy Lauderback<\/h3>\n\t\t\t\t\t<p class=\"dp__contributor-date\">October 04, 2017<\/p>\n\t\t\t\t\t\t\t\t\t<\/div>\n\t\t\t\t\t\t\t<div class=\"dp__contributor\">\n\t\t\t\t\t<h3 class=\"dp__contributor-name\">Juan Camilo Vergara<\/h3>\n\t\t\t\t\t<p class=\"dp__contributor-date\">October 04, 2017<\/p>\n\t\t\t\t\t\t\t\t\t<\/div>\n\t\t\t\t\t\t\t<div class=\"dp__contributor\">\n\t\t\t\t\t<h3 class=\"dp__contributor-name\">Marcela Mariscal<\/h3>\n\t\t\t\t\t<p class=\"dp__contributor-date\">October 03, 2017<\/p>\n\t\t\t\t\t\t\t\t\t\t\t<p class=\"dp__contributor-message\">De corazon todo se puede. Desde Medellin les mandamos toda la fuerz del universo. Maria del Mar y Marce<\/p>\n\t\t\t\t\t\t\t\t\t<\/div>\n\t\t\t\t\t\t\t<div class=\"dp__contributor\">\n\t\t\t\t\t<h3 class=\"dp__contributor-name\">Rebecca Newman<\/h3>\n\t\t\t\t\t<p class=\"dp__contributor-date\">October 02, 2017<\/p>\n\t\t\t\t\t\t\t\t\t\t\t<p class=\"dp__contributor-message\">We\u2019re neighbors who are praying for all of you, and are here to help whenever you need us.<\/p>\n\t\t\t\t\t\t\t\t\t<\/div>\n\t\t\t\t\t\t\t<div class=\"dp__contributor\">\n\t\t\t\t\t<h3 class=\"dp__contributor-name\">Luis Miguel Sandoval<\/h3>\n\t\t\t\t\t<p class=\"dp__contributor-date\">October 02, 2017<\/p>\n\t\t\t\t\t\t\t\t\t<\/div>\n\t\t\t\t\t\t\t<div class=\"dp__contributor\">\n\t\t\t\t\t<h3 class=\"dp__contributor-name\">Maria Londono<\/h3>\n\t\t\t\t\t<p class=\"dp__contributor-date\">October 01, 2017<\/p>\n\t\t\t\t\t\t\t\t\t<\/div>\n\t\t\t\t\t\t\t<div class=\"dp__contributor\">\n\t\t\t\t\t<h3 class=\"dp__contributor-name\">Pamela Jones<\/h3>\n\t\t\t\t\t<p class=\"dp__contributor-date\">September 29, 2017<\/p>\n\t\t\t\t\t\t\t\t\t\t\t<p class=\"dp__contributor-message\">We are thinking positive thoughts for you and your little one.  ; ; ; ; Pam and Jeff Jones; ; Huntington<\/p>\n\t\t\t\t\t\t\t\t\t<\/div>\n\t\t\t\t\t\t\t<div class=\"dp__contributor\">\n\t\t\t\t\t<h3 class=\"dp__contributor-name\">Monica Siegert<\/h3>\n\t\t\t\t\t<p class=\"dp__contributor-date\">September 29, 2017<\/p>\n\t\t\t\t\t\t\t\t\t<\/div>\n\t\t\t\t\t\t\t<div class=\"dp__contributor\">\n\t\t\t\t\t<h3 class=\"dp__contributor-name\">William Andres Triana<\/h3>\n\t\t\t\t\t<p class=\"dp__contributor-date\">September 28, 2017<\/p>\n\t\t\t\t\t\t\t\t\t\t\t<p class=\"dp__contributor-message\">Valeria, mej\u00f3rate pronto y que Dios te bendiga. Carlos y Vicky mucha fortaleza, un abrazo.<\/p>\n\t\t\t\t\t\t\t\t\t<\/div>\n\t\t\t\t\t\t\t<div class=\"dp__contributor\">\n\t\t\t\t\t<h3 class=\"dp__contributor-name\">Ricardo Y Maria Restrepo Toro<\/h3>\n\t\t\t\t\t<p class=\"dp__contributor-date\">September 28, 2017<\/p>\n\t\t\t\t\t\t\t\t\t<\/div>\n\t\t\t\t\t\t\t<div class=\"dp__contributor\">\n\t\t\t\t\t<h3 class=\"dp__contributor-name\">Marcela Neva<\/h3>\n\t\t\t\t\t<p class=\"dp__contributor-date\">September 27, 2017<\/p>\n\t\t\t\t\t\t\t\t\t<\/div>\n\t\t\t\t\t\t\t<div class=\"dp__contributor\">\n\t\t\t\t\t<h3 class=\"dp__contributor-name\">Darin Wolfe<\/h3>\n\t\t\t\t\t<p class=\"dp__contributor-date\">September 27, 2017<\/p>\n\t\t\t\t\t\t\t\t\t\t\t<p class=\"dp__contributor-message\">We are grieved that your baby and family are going through this.  Hang in there and know your CFHP family supports and cares about you.<\/p>\n\t\t\t\t\t\t\t\t\t<\/div>\n\t\t\t\t\t\t\t<div class=\"dp__contributor\">\n\t\t\t\t\t<h3 class=\"dp__contributor-name\">Sarah Santana<\/h3>\n\t\t\t\t\t<p class=\"dp__contributor-date\">September 27, 2017<\/p>\n\t\t\t\t\t\t\t\t\t<\/div>\n\t\t\t\t\t\t\t<div class=\"dp__contributor\">\n\t\t\t\t\t<h3 class=\"dp__contributor-name\">Anne Wagoner<\/h3>\n\t\t\t\t\t<p class=\"dp__contributor-date\">September 26, 2017<\/p>\n\t\t\t\t\t\t\t\t\t<\/div>\n\t\t\t\t\t\t\t<div class=\"dp__contributor\">\n\t\t\t\t\t<h3 class=\"dp__contributor-name\">Charles Ward<\/h3>\n\t\t\t\t\t<p class=\"dp__contributor-date\">September 26, 2017<\/p>\n\t\t\t\t\t\t\t\t\t\t\t<p class=\"dp__contributor-message\">We are praying for you.<\/p>\n\t\t\t\t\t\t\t\t\t<\/div>\n\t\t\t\t\t\t\t<div class=\"dp__contributor\">\n\t\t\t\t\t<h3 class=\"dp__contributor-name\">Juan Y Angela Londono Wills<\/h3>\n\t\t\t\t\t<p class=\"dp__contributor-date\">September 26, 2017<\/p>\n\t\t\t\t\t\t\t\t\t\t\t<p class=\"dp__contributor-message\">Les mandamos nuestra mejor energ\u00eda y oraciones para que Valeria reciba su trasplante y se recupere pronto.<\/p>\n\t\t\t\t\t\t\t\t\t<\/div>\n\t\t\t\t\t\t\t<div class=\"dp__contributor\">\n\t\t\t\t\t<h3 class=\"dp__contributor-name\">Dionardo Medina<\/h3>\n\t\t\t\t\t<p class=\"dp__contributor-date\">September 23, 2017<\/p>\n\t\t\t\t\t\t\t\t\t\t\t<p class=\"dp__contributor-message\">Mi  hermano Carlos Ocampo, mi esposa y yo nos mantenemos orando por Valeria, por tu esposa, por ti y toda tu familia.  Confiamos que Dios les ayudar\u00e1 en este duro proceso.  Abrazos mi hermano y estamos contigo.  ; ; Sinceramente,; ; Dionardo y Hardys Medina.<\/p>\n\t\t\t\t\t\t\t\t\t<\/div>\n\t\t\t\t\t\t\t<div class=\"dp__contributor\">\n\t\t\t\t\t<h3 class=\"dp__contributor-name\">Kelly Kortman<\/h3>\n\t\t\t\t\t<p class=\"dp__contributor-date\">September 22, 2017<\/p>\n\t\t\t\t\t\t\t\t\t<\/div>\n\t\t\t\t\t\t\t<div class=\"dp__contributor\">\n\t\t\t\t\t<h3 class=\"dp__contributor-name\">Robert Kirkland<\/h3>\n\t\t\t\t\t<p class=\"dp__contributor-date\">September 22, 2017<\/p>\n\t\t\t\t\t\t\t\t\t<\/div>\n\t\t\t\t\t\t\t<div class=\"dp__contributor\">\n\t\t\t\t\t<h3 class=\"dp__contributor-name\">Nancy Tactuk<\/h3>\n\t\t\t\t\t<p class=\"dp__contributor-date\">September 22, 2017<\/p>\n\t\t\t\t\t\t\t\t\t\t\t<p class=\"dp__contributor-message\">Que se mejore pronto<\/p>\n\t\t\t\t\t\t\t\t\t<\/div>\n\t\t\t\t\t\t\t<div class=\"dp__contributor\">\n\t\t\t\t\t<h3 class=\"dp__contributor-name\">Marianna Paone<\/h3>\n\t\t\t\t\t<p class=\"dp__contributor-date\">September 21, 2017<\/p>\n\t\t\t\t\t\t\t\t\t\t\t<p class=\"dp__contributor-message\">Your family and Vale continue to be in our daily thoughts and prayers. Warm hugs to you all, Marianna, Steve &amp; Sienna<\/p>\n\t\t\t\t\t\t\t\t\t<\/div>\n\t\t\t\t\t\t\t<div class=\"dp__contributor\">\n\t\t\t\t\t<h3 class=\"dp__contributor-name\">Natalia Uribe<\/h3>\n\t\t\t\t\t<p class=\"dp__contributor-date\">September 21, 2017<\/p>\n\t\t\t\t\t\t\t\t\t\t\t<p class=\"dp__contributor-message\">Mu\u00f1eca hermosa te queremos muchoooooo!!!<\/p>\n\t\t\t\t\t\t\t\t\t<\/div>\n\t\t\t\t\t\t\t<div class=\"dp__contributor\">\n\t\t\t\t\t<h3 class=\"dp__contributor-name\">Lindi Kourtellis<\/h3>\n\t\t\t\t\t<p class=\"dp__contributor-date\">September 21, 2017<\/p>\n\t\t\t\t\t\t\t\t\t\t\t<p class=\"dp__contributor-message\">Keeping Valeria in our thoughts and prayers!  Love you guys!<\/p>\n\t\t\t\t\t\t\t\t\t<\/div>\n\t\t\t\t\t\t\t<div class=\"dp__contributor\">\n\t\t\t\t\t<h3 class=\"dp__contributor-name\">Felipe Munera<\/h3>\n\t\t\t\t\t<p class=\"dp__contributor-date\">September 21, 2017<\/p>\n\t\t\t\t\t\t\t\t\t<\/div>\n\t\t\t\t\t\t\t<div class=\"dp__contributor\">\n\t\t\t\t\t<h3 class=\"dp__contributor-name\">Ninous Youssef<\/h3>\n\t\t\t\t\t<p class=\"dp__contributor-date\">September 20, 2017<\/p>\n\t\t\t\t\t\t\t\t\t<\/div>\n\t\t\t\t\t\t\t<div class=\"dp__contributor\">\n\t\t\t\t\t<h3 class=\"dp__contributor-name\">Luis Tobon<\/h3>\n\t\t\t\t\t<p class=\"dp__contributor-date\">September 20, 2017<\/p>\n\t\t\t\t\t\t\t\t\t\t\t<p class=\"dp__contributor-message\">Many things are out of our control and are very hard to explain or justify.  Having a baby sick it`s one of them.  We wish Valeria recovers soon and the struggles are overcome while the hope is strengthen.  Our prayers go to your family ????<\/p>\n\t\t\t\t\t\t\t\t\t<\/div>\n\t\t\t\t\t\t\t<div class=\"dp__contributor\">\n\t\t\t\t\t<h3 class=\"dp__contributor-name\">Maria Eugenia Ortiz<\/h3>\n\t\t\t\t\t<p class=\"dp__contributor-date\">September 20, 2017<\/p>\n\t\t\t\t\t\t\t\t\t<\/div>\n\t\t\t\t\t\t\t<div class=\"dp__contributor\">\n\t\t\t\t\t<h3 class=\"dp__contributor-name\">Ritzy Nieves<\/h3>\n\t\t\t\t\t<p class=\"dp__contributor-date\">September 20, 2017<\/p>\n\t\t\t\t\t\t\t\t\t\t\t<p class=\"dp__contributor-message\">Todo saldr\u00e1 bien princesa!! Dios te bendiga!!<\/p>\n\t\t\t\t\t\t\t\t\t<\/div>\n\t\t\t\t\t\t\t<div class=\"dp__contributor\">\n\t\t\t\t\t<h3 class=\"dp__contributor-name\">Carmen Taype<\/h3>\n\t\t\t\t\t<p class=\"dp__contributor-date\">September 19, 2017<\/p>\n\t\t\t\t\t\t\t\t\t\t\t<p class=\"dp__contributor-message\">Una vez que eliges la esperanza, todo es posible.<\/p>\n\t\t\t\t\t\t\t\t\t<\/div>\n\t\t\t\t\t\t\t<div class=\"dp__contributor\">\n\t\t\t\t\t<h3 class=\"dp__contributor-name\">Sophia Morales<\/h3>\n\t\t\t\t\t<p class=\"dp__contributor-date\">September 19, 2017<\/p>\n\t\t\t\t\t\t\t\t\t<\/div>\n\t\t\t\t\t\t\t<div class=\"dp__contributor\">\n\t\t\t\t\t<h3 class=\"dp__contributor-name\">Natalia Mejia<\/h3>\n\t\t\t\t\t<p class=\"dp__contributor-date\">September 19, 2017<\/p>\n\t\t\t\t\t\t\t\t\t\t\t<p class=\"dp__contributor-message\">estamos Orando para que Valeria se recupere pronto y esten de nuevo juntos. Un abrazo enorme. <\/p>\n\t\t\t\t\t\t\t\t\t<\/div>\n\t\t\t\t\t\t\t<div class=\"dp__contributor\">\n\t\t\t\t\t<h3 class=\"dp__contributor-name\">Heidy Ormeno<\/h3>\n\t\t\t\t\t<p class=\"dp__contributor-date\">September 18, 2017<\/p>\n\t\t\t\t\t\t\t\t\t<\/div>\n\t\t\t\t\t\t\t<div class=\"dp__contributor\">\n\t\t\t\t\t<h3 class=\"dp__contributor-name\">Ana Laverde<\/h3>\n\t\t\t\t\t<p class=\"dp__contributor-date\">September 18, 2017<\/p>\n\t\t\t\t\t\t\t\t\t<\/div>\n\t\t\t\t\t\t\t<div class=\"dp__contributor\">\n\t\t\t\t\t<h3 class=\"dp__contributor-name\">Alejandra Urrea<\/h3>\n\t\t\t\t\t<p class=\"dp__contributor-date\">September 18, 2017<\/p>\n\t\t\t\t\t\t\t\t\t<\/div>\n\t\t\t\t\t\t\t<div class=\"dp__contributor\">\n\t\t\t\t\t<h3 class=\"dp__contributor-name\">Svetlana Zakharchenko<\/h3>\n\t\t\t\t\t<p class=\"dp__contributor-date\">September 18, 2017<\/p>\n\t\t\t\t\t\t\t\t\t\t\t<p class=\"dp__contributor-message\">Carlos, my fam and i are rooting for your baby girl.  sending you love and hugs.; ; svetlana<\/p>\n\t\t\t\t\t\t\t\t\t<\/div>\n\t\t\t\t\t\t\t<div class=\"dp__contributor\">\n\t\t\t\t\t<h3 class=\"dp__contributor-name\">Juan Agudelo<\/h3>\n\t\t\t\t\t<p class=\"dp__contributor-date\">September 18, 2017<\/p>\n\t\t\t\t\t\t\t\t\t<\/div>\n\t\t\t\t\t\t\t<div class=\"dp__contributor\">\n\t\t\t\t\t<h3 class=\"dp__contributor-name\">Mark Rasins<\/h3>\n\t\t\t\t\t<p class=\"dp__contributor-date\">September 18, 2017<\/p>\n\t\t\t\t\t\t\t\t\t<\/div>\n\t\t\t\t\t\t\t<div class=\"dp__contributor\">\n\t\t\t\t\t<h3 class=\"dp__contributor-name\">Marcela Jimenez<\/h3>\n\t\t\t\t\t<p class=\"dp__contributor-date\">September 18, 2017<\/p>\n\t\t\t\t\t\t\t\t\t<\/div>\n\t\t\t\t\t\t\t<div class=\"dp__contributor\">\n\t\t\t\t\t<h3 class=\"dp__contributor-name\">Jennifer Nordfors<\/h3>\n\t\t\t\t\t<p class=\"dp__contributor-date\">September 17, 2017<\/p>\n\t\t\t\t\t\t\t\t\t\t\t<p class=\"dp__contributor-message\">Sending hugs and prayers to a sweet family! Xoxo<\/p>\n\t\t\t\t\t\t\t\t\t<\/div>\n\t\t\t\t\t\t\t<div class=\"dp__contributor\">\n\t\t\t\t\t<h3 class=\"dp__contributor-name\">Swe Myo<\/h3>\n\t\t\t\t\t<p class=\"dp__contributor-date\">September 17, 2017<\/p>\n\t\t\t\t\t\t\t\t\t<\/div>\n\t\t\t\t\t\t\t<div class=\"dp__contributor\">\n\t\t\t\t\t<h3 class=\"dp__contributor-name\">Azeem Mohammed<\/h3>\n\t\t\t\t\t<p class=\"dp__contributor-date\">September 17, 2017<\/p>\n\t\t\t\t\t\t\t\t\t\t\t<p class=\"dp__contributor-message\">Pulga n vicky..your family is in my prayers amigo&#8230; may Allah grant her a speedy recovery and a lifetime of health and happiness&#8230;<\/p>\n\t\t\t\t\t\t\t\t\t<\/div>\n\t\t\t\t\t\t\t<div class=\"dp__contributor\">\n\t\t\t\t\t<h3 class=\"dp__contributor-name\">Shkendie Velia<\/h3>\n\t\t\t\t\t<p class=\"dp__contributor-date\">September 17, 2017<\/p>\n\t\t\t\t\t\t\t\t\t\t\t<p class=\"dp__contributor-message\">Praying for Valeria and all your family,  Pulga!<\/p>\n\t\t\t\t\t\t\t\t\t<\/div>\n\t\t\t\t\t\t\t<div class=\"dp__contributor\">\n\t\t\t\t\t<h3 class=\"dp__contributor-name\">Paula &amp; Frank Hodge<\/h3>\n\t\t\t\t\t<p class=\"dp__contributor-date\">September 17, 2017<\/p>\n\t\t\t\t\t\t\t\t\t<\/div>\n\t\t\t\t\t\t\t<div class=\"dp__contributor\">\n\t\t\t\t\t<h3 class=\"dp__contributor-name\">Betty Livolti Filgueira<\/h3>\n\t\t\t\t\t<p class=\"dp__contributor-date\">September 17, 2017<\/p>\n\t\t\t\t\t\t\t\t\t<\/div>\n\t\t\t\t\t\t\t<div class=\"dp__contributor\">\n\t\t\t\t\t<h3 class=\"dp__contributor-name\">Aravind Babu Kadiyala<\/h3>\n\t\t\t\t\t<p class=\"dp__contributor-date\">September 17, 2017<\/p>\n\t\t\t\t\t\t\t\t\t<\/div>\n\t\t\t\t\t\t\t<div class=\"dp__contributor\">\n\t\t\t\t\t<h3 class=\"dp__contributor-name\">Yitzchak Soloveichik<\/h3>\n\t\t\t\t\t<p class=\"dp__contributor-date\">September 17, 2017<\/p>\n\t\t\t\t\t\t\t\t\t\t\t<p class=\"dp__contributor-message\">????? ???? <\/p>\n\t\t\t\t\t\t\t\t\t<\/div>\n\t\t\t\t\t\t\t<div class=\"dp__contributor\">\n\t\t\t\t\t<h3 class=\"dp__contributor-name\">Manisha Kulshreshtha<\/h3>\n\t\t\t\t\t<p class=\"dp__contributor-date\">September 17, 2017<\/p>\n\t\t\t\t\t\t\t\t\t<\/div>\n\t\t\t\t\t\t\t<div class=\"dp__contributor\">\n\t\t\t\t\t<h3 class=\"dp__contributor-name\">Roxana Lupu<\/h3>\n\t\t\t\t\t<p class=\"dp__contributor-date\">September 17, 2017<\/p>\n\t\t\t\t\t\t\t\t\t<\/div>\n\t\t\t\t\t\t\t<div class=\"dp__contributor\">\n\t\t\t\t\t<h3 class=\"dp__contributor-name\">Rajendra Sawh<\/h3>\n\t\t\t\t\t<p class=\"dp__contributor-date\">September 17, 2017<\/p>\n\t\t\t\t\t\t\t\t\t<\/div>\n\t\t\t\t\t\t\t<div class=\"dp__contributor\">\n\t\t\t\t\t<h3 class=\"dp__contributor-name\">Camilo Villegas<\/h3>\n\t\t\t\t\t<p class=\"dp__contributor-date\">September 17, 2017<\/p>\n\t\t\t\t\t\t\t\t\t\t\t<p class=\"dp__contributor-message\">Vale eres una luchadora. Pronto llegar\u00e1 ese coraz\u00f3n que te permitir\u00e1 continuar brindando amor y felicidad a los que te rodean. Te queremos mucho. Familia Villegas Quintero<\/p>\n\t\t\t\t\t\t\t\t\t<\/div>\n\t\t\t\t\t\t\t<div class=\"dp__contributor\">\n\t\t\t\t\t<h3 class=\"dp__contributor-name\">Krishna Thandra<\/h3>\n\t\t\t\t\t<p class=\"dp__contributor-date\">September 16, 2017<\/p>\n\t\t\t\t\t\t\t\t\t<\/div>\n\t\t\t\t\t\t\t<div class=\"dp__contributor\">\n\t\t\t\t\t<h3 class=\"dp__contributor-name\">Syam Mallampalli<\/h3>\n\t\t\t\t\t<p class=\"dp__contributor-date\">September 16, 2017<\/p>\n\t\t\t\t\t\t\t\t\t<\/div>\n\t\t\t\t\t\t\t<div class=\"dp__contributor\">\n\t\t\t\t\t<h3 class=\"dp__contributor-name\">Marvin Zarra<\/h3>\n\t\t\t\t\t<p class=\"dp__contributor-date\">September 16, 2017<\/p>\n\t\t\t\t\t\t\t\t\t<\/div>\n\t\t\t\t\t\t\t<div class=\"dp__contributor\">\n\t\t\t\t\t<h3 class=\"dp__contributor-name\">Vesela Randelov<\/h3>\n\t\t\t\t\t<p class=\"dp__contributor-date\">September 16, 2017<\/p>\n\t\t\t\t\t\t\t\t\t\t\t<p class=\"dp__contributor-message\">Kisses for Valeria!<\/p>\n\t\t\t\t\t\t\t\t\t<\/div>\n\t\t\t\t\t\t\t<div class=\"dp__contributor\">\n\t\t\t\t\t<h3 class=\"dp__contributor-name\">Sharon Rosenfeld<\/h3>\n\t\t\t\t\t<p class=\"dp__contributor-date\">September 16, 2017<\/p>\n\t\t\t\t\t\t\t\t\t\t\t<p class=\"dp__contributor-message\">Our love and prayers for Valeria and your entire family!<\/p>\n\t\t\t\t\t\t\t\t\t<\/div>\n\t\t\t\t\t\t\t<div class=\"dp__contributor\">\n\t\t\t\t\t<h3 class=\"dp__contributor-name\">Rakesh Mahali<\/h3>\n\t\t\t\t\t<p class=\"dp__contributor-date\">September 16, 2017<\/p>\n\t\t\t\t\t\t\t\t\t<\/div>\n\t\t\t\t\t\t\t<div class=\"dp__contributor\">\n\t\t\t\t\t<h3 class=\"dp__contributor-name\">Alexandra McNicol<\/h3>\n\t\t\t\t\t<p class=\"dp__contributor-date\">September 16, 2017<\/p>\n\t\t\t\t\t\t\t\t\t\t\t<p class=\"dp__contributor-message\">Contin\u00faan en nuestros pensamientos y oraciones en estos momentos dif\u00edciles. <\/p>\n\t\t\t\t\t\t\t\t\t<\/div>\n\t\t\t\t\t\t\t<div class=\"dp__contributor\">\n\t\t\t\t\t<h3 class=\"dp__contributor-name\">Irida Molla<\/h3>\n\t\t\t\t\t<p class=\"dp__contributor-date\">September 16, 2017<\/p>\n\t\t\t\t\t\t\t\t\t\t\t<p class=\"dp__contributor-message\">Praying for Valeria and her family!!<\/p>\n\t\t\t\t\t\t\t\t\t<\/div>\n\t\t\t\t\t\t\t<div class=\"dp__contributor\">\n\t\t\t\t\t<h3 class=\"dp__contributor-name\">Esteban Posada<\/h3>\n\t\t\t\t\t<p class=\"dp__contributor-date\">September 16, 2017<\/p>\n\t\t\t\t\t\t\t\t\t<\/div>\n\t\t\t\t\t\t\t<div class=\"dp__contributor\">\n\t\t\t\t\t<h3 class=\"dp__contributor-name\">Carolina Pe\u00f1uela<\/h3>\n\t\t\t\t\t<p class=\"dp__contributor-date\">September 16, 2017<\/p>\n\t\t\t\t\t\t\t\t\t<\/div>\n\t\t\t\t\t<\/div>\n\t<\/div>\n","protected":false},"excerpt":{"rendered":"","protected":false},"author":0,"featured_media":0,"parent":0,"menu_order":0,"comment_status":"closed","ping_status":"closed","template":"","meta":{"_acf_changed":false,"footnotes":""},"class_list":["post-3","page","type-page","status-publish","hentry"],"acf":[],"_links":{"self":[{"href":"https:\/\/cota.org\/cotaforvaleriao\/wp-json\/wp\/v2\/pages\/3","targetHints":{"allow":["GET"]}}],"collection":[{"href":"https:\/\/cota.org\/cotaforvaleriao\/wp-json\/wp\/v2\/pages"}],"about":[{"href":"https:\/\/cota.org\/cotaforvaleriao\/wp-json\/wp\/v2\/types\/page"}],"replies":[{"embeddable":true,"href":"https:\/\/cota.org\/cotaforvaleriao\/wp-json\/wp\/v2\/comments?post=3"}],"version-history":[{"count":0,"href":"https:\/\/cota.org\/cotaforvaleriao\/wp-json\/wp\/v2\/pages\/3\/revisions"}],"wp:attachment":[{"href":"https:\/\/cota.org\/cotaforvaleriao\/wp-json\/wp\/v2\/media?parent=3"}],"curies":[{"name":"wp","href":"https:\/\/api.w.org\/{rel}","templated":true}]}}